{"id":799,"date":"2015-11-12T13:41:38","date_gmt":"2015-11-12T11:41:38","guid":{"rendered":"http:\/\/www.agioklima.gr\/it\/?page_id=799"},"modified":"2015-12-04T23:15:31","modified_gmt":"2015-12-04T21:15:31","slug":"rural-tourism-it","status":"publish","type":"page","link":"https:\/\/www.agioklima.gr\/it\/rural-tourism-it\/","title":{"rendered":"Turismo Rurale"},"content":{"rendered":"<h2>Turismo rurale a Creta<\/h2>\n<p style=\"text-align: justify;\">Se desidera rilassarsi ascoltando i suoni della natura, conoscere il modo di vita tradizionale della gente dei villaggi, partecipando ad attivit\u00e0 agricole o attivit\u00e0 di allevamento, conoscere l&#8217;autentica cucina cretese aiutando ai preparativi o salire in montagna e caminare alle valli di Creta, l\u2019 isola greca pi\u00f9 famosa, alora l&#8217;ecoturismo alberghi e villaggi o case tradizionali \u00e8 il modo pi\u00f9 appropriato.<\/p>\n<p>Equitazione, montare in bicicletta, passeggi nei boschi o l&#8217;attraversamento di una gola, fare il pane o qualche torta tradizionale \u00e8 solo alcune delle attivit\u00e0 che si possono provare durante il soggiorno in un hotel tradizionale agrituristico a Creta. Oppure, se solamente desidera riposarsi, il soggiorno in campagna cretese offre il migliore rilassamento, dando ore infinite di serenit\u00e0, ascoltando solo i suoni della natura. In Grecia e specialmente a Creta il nudismo non \u00e8 ufficialmente permesso ad eccezione delle spiaggie licenziate.<\/p>\n<p>Alle spiaggie non licenziate delle volte il nudismo \u00e8 proibito i giorni di fine settimana durante Luglio e Agosto, quanto le spiaggie sono piene di famiglie con bambini piccoli.Pero esistono molte piccole spiaggie isolate che sono adatte per il nudismo ed il topless, il quale \u00e8 consentito quasi ovunque. A nord,alle coste del est e del ovest non ci sono spiaggie licenziate per nudisti. Tuttavia, lungo la costa meridionale dell&#8217;isola ci sono pi\u00f9 possibilita di trovare spiaggie isolate.<\/p>\n","protected":false},"excerpt":{"rendered":"<p>Turismo rurale a Creta Se desidera rilassarsi ascoltando i suoni della natura, conoscere il modo di vita tradizionale della gente dei villaggi, partecipando ad attivit\u00e0 agricole o attivit\u00e0 di allevamento, conoscere l&#8217;autentica cucina cretese aiutando ai preparativi o salire in montagna e caminare alle valli di Creta, l\u2019 isola greca&hellip; <\/p>\n","protected":false},"author":1,"featured_media":0,"parent":0,"menu_order":0,"comment_status":"closed","ping_status":"closed","template":"","meta":{"footnotes":""},"class_list":["post-799","page","type-page","status-publish","hentry"],"_links":{"self":[{"href":"https:\/\/www.agioklima.gr\/it\/wp-json\/wp\/v2\/pages\/799","targetHints":{"allow":["GET"]}}],"collection":[{"href":"https:\/\/www.agioklima.gr\/it\/wp-json\/wp\/v2\/pages"}],"about":[{"href":"https:\/\/www.agioklima.gr\/it\/wp-json\/wp\/v2\/types\/page"}],"author":[{"embeddable":true,"href":"https:\/\/www.agioklima.gr\/it\/wp-json\/wp\/v2\/users\/1"}],"replies":[{"embeddable":true,"href":"https:\/\/www.agioklima.gr\/it\/wp-json\/wp\/v2\/comments?post=799"}],"version-history":[{"count":0,"href":"https:\/\/www.agioklima.gr\/it\/wp-json\/wp\/v2\/pages\/799\/revisions"}],"wp:attachment":[{"href":"https:\/\/www.agioklima.gr\/it\/wp-json\/wp\/v2\/media?parent=799"}],"curies":[{"name":"wp","href":"https:\/\/api.w.org\/{rel}","templated":true}]}}