{"id":796,"date":"2015-11-12T13:22:40","date_gmt":"2015-11-12T11:22:40","guid":{"rendered":"http:\/\/www.agioklima.gr\/it\/?page_id=796"},"modified":"2015-12-05T13:23:38","modified_gmt":"2015-12-05T11:23:38","slug":"traditional-house-it","status":"publish","type":"page","link":"https:\/\/www.agioklima.gr\/it\/traditional-house-it\/","title":{"rendered":"Casa tradizionale"},"content":{"rendered":"<h2>Casa tradizionale a Creta<\/h2>\n<p>Petrokefalo \u00e8 un villaggio tradizionale che, nonostante il fatto che si trova a una distanza di 16 km da Iraklion, ha sempre conservato il suo carattere tradizionale.<br \/>\n\u00c8 pieno di antiche case tradizionali, con dei cortili all&#8217;interno, costruite con pietra, la maggioranza delle quali sono ora abbandonate. Petrokefalo \u00e8 situato in cima alla collina e oggi \u00e8 circondato da vigneti e uliveti.<br \/>\nFino al 1924 era un villaggio con popolazione mista, significa che ci abitavano anche molte ricche famiglie turcho &#8211; cretesi. Gli anziani di Petrokefalo ancora oggi ci raccontano belle storie dei tempi delle loro nonne.<\/p>\n<p>Le case tradizionali della provincia di Malevisi sono state costruite con porolithon (calcare) che \u00e8 una pietra cretese di colore biancastro.<br \/>\nLa casa tradizionale si compone dalla sala principale e l&#8217;od\u00e0 (uno o pi\u00f9) che \u00e8 stato utilizzato come camera (o camere) da letto. Nel cortile c&#8217;era il pozzo per l&#8217;acqua di casa e il pedale per pestare l&#8217;uva. Il vino era uno dei beni necessari per ogni famiglia. La famiglia doveva tenerlo in cantina, che stava sotto odas, per consumarlo durante la festa matrimoniale dei figli.<br \/>\nIl matrimonio tradizionale cretese \u00e8 stato sempre un evento molto importante per la famiglia, e lo \u00e8 ancora ai nostri giorni.<\/p>\n<div id=\"metaslider-id-628\" style=\"max-width: 300px;\" class=\"ml-slider-3-107-0 metaslider metaslider-nivo metaslider-628 ml-slider has-dots-nav ms-theme-default\" role=\"region\" aria-label=\"TraditionalHouse\" data-height=\"300\" data-width=\"300\">\n    <div id=\"metaslider_container_628\">\n        <div class='slider-wrapper theme-default'><div class='ribbon'><\/div><div id='metaslider_628' class='nivoSlider'><img loading=\"lazy\" decoding=\"async\" src=\"https:\/\/www.agioklima.gr\/wp-content\/uploads\/2015\/11\/traditional-roofwork-crete.jpg\" height=\"300\" width=\"300\" data-caption=\"Traditional roofwork\" alt=\"Petrokefalo Crete traditional roofwork\" class=\"slider-628 slide-619 msDefaultImage\" \/><img loading=\"lazy\" decoding=\"async\" src=\"https:\/\/www.agioklima.gr\/wp-content\/uploads\/2015\/11\/traditional-brickwork-crete.jpg\" height=\"300\" width=\"300\" data-caption=\"Traditional brickwork\" alt=\"Brickwork in Cretan traditional house\" class=\"slider-628 slide-612 msDefaultImage\" \/><img loading=\"lazy\" decoding=\"async\" src=\"https:\/\/www.agioklima.gr\/wp-content\/uploads\/2015\/11\/agios-ioannis-crete.jpg\" height=\"300\" width=\"300\" data-caption=\"Agios Ioannis\" alt=\"Petrokefalo Crete Ag. Ioannis\" class=\"slider-628 slide-605 msDefaultImage\" \/><\/div><\/div>\n        \n    <\/div>\n<\/div>\n","protected":false},"excerpt":{"rendered":"<p>Casa tradizionale a Creta Petrokefalo \u00e8 un villaggio tradizionale che, nonostante il fatto che si trova a una distanza di 16 km da Iraklion, ha sempre conservato il suo carattere tradizionale. \u00c8 pieno di antiche case tradizionali, con dei cortili all&#8217;interno, costruite con pietra, la maggioranza delle quali sono ora&hellip; <\/p>\n","protected":false},"author":1,"featured_media":0,"parent":0,"menu_order":0,"comment_status":"closed","ping_status":"closed","template":"","meta":{"footnotes":""},"class_list":["post-796","page","type-page","status-publish","hentry"],"_links":{"self":[{"href":"https:\/\/www.agioklima.gr\/it\/wp-json\/wp\/v2\/pages\/796","targetHints":{"allow":["GET"]}}],"collection":[{"href":"https:\/\/www.agioklima.gr\/it\/wp-json\/wp\/v2\/pages"}],"about":[{"href":"https:\/\/www.agioklima.gr\/it\/wp-json\/wp\/v2\/types\/page"}],"author":[{"embeddable":true,"href":"https:\/\/www.agioklima.gr\/it\/wp-json\/wp\/v2\/users\/1"}],"replies":[{"embeddable":true,"href":"https:\/\/www.agioklima.gr\/it\/wp-json\/wp\/v2\/comments?post=796"}],"version-history":[{"count":0,"href":"https:\/\/www.agioklima.gr\/it\/wp-json\/wp\/v2\/pages\/796\/revisions"}],"wp:attachment":[{"href":"https:\/\/www.agioklima.gr\/it\/wp-json\/wp\/v2\/media?parent=796"}],"curies":[{"name":"wp","href":"https:\/\/api.w.org\/{rel}","templated":true}]}}