{"id":827,"date":"2015-11-12T14:28:31","date_gmt":"2015-11-12T12:28:31","guid":{"rendered":"http:\/\/www.agioklima.gr\/fr\/?page_id=827"},"modified":"2015-11-14T14:31:37","modified_gmt":"2015-11-14T12:31:37","slug":"terms-conditions-fr","status":"publish","type":"page","link":"https:\/\/www.agioklima.gr\/fr\/terms-conditions-fr\/","title":{"rendered":"Termes &#038; Conditions"},"content":{"rendered":"<p>Pour le respect de l\u2019utilisation de ce site web dirig\u00e9 par Agioklima, les r\u00e8gles suivantes sont en application.<\/p>\n<h5>Droits intellectuels<\/h5>\n<p style=\"text-align: justify;\">Les droits intellectuels concernant ce site web, c\u2019est-\u00e0-dire les textes, images, design, bases de donn\u00e9s, photos, vid\u00e9o etc. (images statiques et\/ou mouvantes), mat\u00e9riel de son, formats, software (noms de domaine inclus) et le reste du mat\u00e9riel reviennent \u00e0 Agioklima, ses propri\u00e9taires et exploitants. Ce site est r\u00e9serv\u00e9 exclusivement \u00e0 usage personnel et non commercial. Cela signifie que toute autre usage est interdit, sauf si une autorisation \u00e9crite d\u2019Agioklima est obtenue. Il n\u2019est pas permit d\u2019utiliser les contenues de ce site sans autorisation explicite.<\/p>\n<h5>D\u00e9gagement de responsabilit\u00e9 d\u2019Agioklima<\/h5>\n<p style=\"text-align: justify;\">Agioklima est tr\u00e8s attentif \u00e0 l\u2019acquisiton, la production et la publication d\u2019information sur ce site web. Pourtant Agioklima rejette toute responsabilit\u00e9 de cons\u00e9quences possibles (parmi lesquelles des dommages directs ou indirects) qui seraient li\u00e9s de mani\u00e8re quelconque avec l\u2019utilisation de ce site ou pour l\u2019inaccessibilit\u00e9 de ce site, parmi lesquels sont inclus discontinuit\u00e9, erreurs techniques de nature \u00e9lectronique, services de sous-traitance par le biais de ce site. En cas o\u00f9 les informations sur ce site sont incompl\u00e8tes, ou contiennent des erreurs, Agioklima ne peut \u00eatre tenu responsable. Agioklima n\u2019est pas responsable pour les r\u00e9f\u00e9rences \u00e0 d\u2019autres sites web (par exemple par moyen de hyperliens ou annonce publicitaire) ni pour le contenu du mat\u00e9riel contribu\u00e9 par d\u2019autres comme photos et vid\u00e9os. Toute forme de reconnaissance du mat\u00e9riel photographique est accidentel et n\u2019est pas soumis \u00e0 un droit de copyright.<\/p>\n<h5>Donn\u00e9es du trafic<\/h5>\n<p style=\"text-align: justify;\">Pour le meilleur fonctionnement de ce site certaines donn\u00e9es sont recueillies concernant ses usagers. Cette information est obtenue par l\u2019usage de \u2018cookies\u2019. Ce sont des petits documents de texte qui se placent automatiquement \u00e0 votre ordinateur par le site que vous visitez. L\u2019information d\u2019un cookie ne donne pas la possibilit\u00e9 de retracement pour l\u2019identification d\u2019une personne. De surcroit, Agioklima ne garde jamais des informations confidentielles sur cookies. L\u2019utilisateur peut \u00e9liminer les cookies par l\u2019option internet de leur machine de recherche.<br \/>\nPour l\u2019analyse de l\u2019usage de son site, Agioklima utilise un programme d\u2019analyse informatique. Sur la base de votre adresse IP et \u00e9ventuellement vos cookies un programme d\u2019analyse peut recueillir des informations. L\u2019adresse IP est un chiffre qui est donn\u00e9e automatiquement \u00e0 votre ordinateur quand vous surfer sur l\u2019internet. Votre adresse IP est conserv\u00e9e au cas d\u2019abus. La loi grecque reconnait ces conditions. Toute litige serait pr\u00e9sent\u00e9e au tribunal d\u2019Ath\u00e8nes. Ces r\u00e8gles d\u2019usage peuvent \u00eatre modifi\u00e9es \u00e0 tout moment par Agioklima.<br \/>\nPour cette raison nous vous recommandons de les lire r\u00e9guli\u00e8rement.<\/p>\n","protected":false},"excerpt":{"rendered":"<p>Pour le respect de l\u2019utilisation de ce site web dirig\u00e9 par Agioklima, les r\u00e8gles suivantes sont en application. Droits intellectuels Les droits intellectuels concernant ce site web, c\u2019est-\u00e0-dire les textes, images, design, bases de donn\u00e9s, photos, vid\u00e9o etc. (images statiques et\/ou mouvantes), mat\u00e9riel de son, formats, software (noms de domaine&hellip; <\/p>\n","protected":false},"author":1,"featured_media":0,"parent":0,"menu_order":0,"comment_status":"closed","ping_status":"closed","template":"","meta":{"footnotes":""},"class_list":["post-827","page","type-page","status-publish","hentry"],"_links":{"self":[{"href":"https:\/\/www.agioklima.gr\/fr\/wp-json\/wp\/v2\/pages\/827","targetHints":{"allow":["GET"]}}],"collection":[{"href":"https:\/\/www.agioklima.gr\/fr\/wp-json\/wp\/v2\/pages"}],"about":[{"href":"https:\/\/www.agioklima.gr\/fr\/wp-json\/wp\/v2\/types\/page"}],"author":[{"embeddable":true,"href":"https:\/\/www.agioklima.gr\/fr\/wp-json\/wp\/v2\/users\/1"}],"replies":[{"embeddable":true,"href":"https:\/\/www.agioklima.gr\/fr\/wp-json\/wp\/v2\/comments?post=827"}],"version-history":[{"count":0,"href":"https:\/\/www.agioklima.gr\/fr\/wp-json\/wp\/v2\/pages\/827\/revisions"}],"wp:attachment":[{"href":"https:\/\/www.agioklima.gr\/fr\/wp-json\/wp\/v2\/media?parent=827"}],"curies":[{"name":"wp","href":"https:\/\/api.w.org\/{rel}","templated":true}]}}