{"id":825,"date":"2015-11-12T14:25:56","date_gmt":"2015-11-12T12:25:56","guid":{"rendered":"http:\/\/www.agioklima.gr\/fr\/?page_id=825"},"modified":"2015-12-18T11:07:26","modified_gmt":"2015-12-18T09:07:26","slug":"rural-tourism-fr","status":"publish","type":"page","link":"https:\/\/www.agioklima.gr\/fr\/rural-tourism-fr\/","title":{"rendered":"Tourisme Rural"},"content":{"rendered":"<h2>Tourisme Rural en Cr\u00e8te<\/h2>\n<p style=\"text-align: justify;\">Le nombre de b\u00e2timents construits dans le style traditionnel augmente r\u00e9guli\u00e8rement en Cr\u00e8te . Les h\u00f4tels dans beaucoup de r\u00e9gions de l&rsquo;\u00eele, avec leur architecture traditionnelle cr\u00e9toise de campagne, sont adapt\u00e9s \u00e0 la nature. L&rsquo;h\u00e9bergement dans les villages traditionnels en pierre et en bois vous s\u00e9duira certainement et donnera une nuance diff\u00e9rente \u00e0 vos vacances.<br \/>\nEt bien s\u00fbr, vous pourrez faire de connaissance de la l\u00e9gendaire hospitalit\u00e9 cr\u00e9toise que seulement les habitants originaires de Cr\u00e8te peuvent vous offrir.<\/p>\n<p style=\"text-align: justify;\">Une promenade \u00e0 cheval ou \u00e0 pied en bois,le v\u00e9lo de montagne ou la travers\u00e9e des gorges, des travaux agricoles ou l&rsquo;alimentation des animaux, la fabrication du pain ou des p\u00e2tisseries, toutes ces activit\u00e9s sont \u00e0 votre disrosition, si vous pr\u00e9ferez le s\u00e9jour dans un des h\u00f4tels ou des village traditionnels de la Cr\u00e8te.<br \/>\nSi vous voulez tout simplement vous reposer en pleine nature, la meilleure solution c&rsquo;est le s\u00e9jour \u00e0 la campagne. La-bas en plein air, loin du bruit des villes vous pouvez vous offrir des moments de calme et de d\u00e9tente.<\/p>\n<h6 style=\"text-align: justify;\">Information (Crete.Tournet.gr)<\/h6>\n","protected":false},"excerpt":{"rendered":"<p>Tourisme Rural en Cr\u00e8te Le nombre de b\u00e2timents construits dans le style traditionnel augmente r\u00e9guli\u00e8rement en Cr\u00e8te . Les h\u00f4tels dans beaucoup de r\u00e9gions de l&rsquo;\u00eele, avec leur architecture traditionnelle cr\u00e9toise de campagne, sont adapt\u00e9s \u00e0 la nature. L&rsquo;h\u00e9bergement dans les villages traditionnels en pierre et en bois vous s\u00e9duira&hellip; <\/p>\n","protected":false},"author":1,"featured_media":0,"parent":0,"menu_order":0,"comment_status":"closed","ping_status":"closed","template":"","meta":{"footnotes":""},"class_list":["post-825","page","type-page","status-publish","hentry"],"_links":{"self":[{"href":"https:\/\/www.agioklima.gr\/fr\/wp-json\/wp\/v2\/pages\/825","targetHints":{"allow":["GET"]}}],"collection":[{"href":"https:\/\/www.agioklima.gr\/fr\/wp-json\/wp\/v2\/pages"}],"about":[{"href":"https:\/\/www.agioklima.gr\/fr\/wp-json\/wp\/v2\/types\/page"}],"author":[{"embeddable":true,"href":"https:\/\/www.agioklima.gr\/fr\/wp-json\/wp\/v2\/users\/1"}],"replies":[{"embeddable":true,"href":"https:\/\/www.agioklima.gr\/fr\/wp-json\/wp\/v2\/comments?post=825"}],"version-history":[{"count":0,"href":"https:\/\/www.agioklima.gr\/fr\/wp-json\/wp\/v2\/pages\/825\/revisions"}],"wp:attachment":[{"href":"https:\/\/www.agioklima.gr\/fr\/wp-json\/wp\/v2\/media?parent=825"}],"curies":[{"name":"wp","href":"https:\/\/api.w.org\/{rel}","templated":true}]}}