{"id":818,"date":"2015-11-12T14:13:57","date_gmt":"2015-11-12T12:13:57","guid":{"rendered":"http:\/\/www.agioklima.gr\/fr\/?page_id=818"},"modified":"2015-12-05T13:06:07","modified_gmt":"2015-12-05T11:06:07","slug":"house-fr","status":"publish","type":"page","link":"https:\/\/www.agioklima.gr\/fr\/house-fr\/","title":{"rendered":"La maison"},"content":{"rendered":"<h2>Agioklima, maison traditionnelle cr\u00e9toise<\/h2>\n<p style=\"text-align: justify;\">Agioklima (ch\u00e8vrefeuille), maison \u00e0 deux \u00e9tages et en pierre, entour\u00e9e de ses cours, ses v\u00e9randas et ses jardins, ouverte aux trois points cardinaux, vous attend. Construite fin du 19\u00e8me si\u00e8cle, r\u00e9nov\u00e9e tout en respectant la tradition architecturale et en m\u00eame temps tr\u00e8s fonctionnelle pour le voyageur.<\/p>\n<p style=\"text-align: justify;\">La maison poss\u00e8de un beau jardin avec un four en pierre et un grill, par o\u00f9 nos invit\u00e9s peuvent passer des moment agr\u00e9ables a regarder la vue et cuisiner.<\/p>\n\n\t\t<style type=\"text\/css\">\n\t\t\t#gallery-1 {\n\t\t\t\tmargin: auto;\n\t\t\t}\n\t\t\t#gallery-1 .gallery-item {\n\t\t\t\tfloat: left;\n\t\t\t\tmargin-top: 10px;\n\t\t\t\ttext-align: center;\n\t\t\t\twidth: 20%;\n\t\t\t}\n\t\t\t#gallery-1 img {\n\t\t\t\tborder: 2px solid #cfcfcf;\n\t\t\t}\n\t\t\t#gallery-1 .gallery-caption {\n\t\t\t\tmargin-left: 0;\n\t\t\t}\n\t\t\t\/* see gallery_shortcode() in wp-includes\/media.php *\/\n\t\t<\/style>\n\t\t<div id='gallery-1' class='gallery galleryid-818 gallery-columns-5 gallery-size-thumbnail'><dl class='gallery-item'>\n\t\t\t<dt class='gallery-icon landscape'>\n\t\t\t\t<a href='https:\/\/www.agioklima.gr\/wp-content\/uploads\/2015\/10\/agioklima-veranda-kite.jpg'><img loading=\"lazy\" decoding=\"async\" width=\"120\" height=\"120\" src=\"https:\/\/www.agioklima.gr\/wp-content\/uploads\/2015\/10\/agioklima-veranda-kite-120x120.jpg\" class=\"attachment-thumbnail size-thumbnail\" alt=\"\" srcset=\"https:\/\/www.agioklima.gr\/wp-content\/uploads\/2015\/10\/agioklima-veranda-kite-120x120.jpg 120w, https:\/\/www.agioklima.gr\/wp-content\/uploads\/2015\/10\/agioklima-veranda-kite-210x210.jpg 210w\" sizes=\"auto, (max-width: 120px) 100vw, 120px\" \/><\/a>\n\t\t\t<\/dt><\/dl><dl class='gallery-item'>\n\t\t\t<dt class='gallery-icon landscape'>\n\t\t\t\t<a href='https:\/\/www.agioklima.gr\/wp-content\/uploads\/2015\/10\/agioklima-sleep-kite.jpg'><img loading=\"lazy\" decoding=\"async\" width=\"120\" height=\"120\" src=\"https:\/\/www.agioklima.gr\/wp-content\/uploads\/2015\/10\/agioklima-sleep-kite-120x120.jpg\" class=\"attachment-thumbnail size-thumbnail\" alt=\"\" srcset=\"https:\/\/www.agioklima.gr\/wp-content\/uploads\/2015\/10\/agioklima-sleep-kite-120x120.jpg 120w, https:\/\/www.agioklima.gr\/wp-content\/uploads\/2015\/10\/agioklima-sleep-kite-210x210.jpg 210w\" sizes=\"auto, (max-width: 120px) 100vw, 120px\" \/><\/a>\n\t\t\t<\/dt><\/dl><dl class='gallery-item'>\n\t\t\t<dt class='gallery-icon landscape'>\n\t\t\t\t<a href='https:\/\/www.agioklima.gr\/wp-content\/uploads\/2015\/10\/agioklima-splitlevel-niki.jpg'><img loading=\"lazy\" decoding=\"async\" width=\"120\" height=\"120\" src=\"https:\/\/www.agioklima.gr\/wp-content\/uploads\/2015\/10\/agioklima-splitlevel-niki-120x120.jpg\" class=\"attachment-thumbnail size-thumbnail\" alt=\"\" srcset=\"https:\/\/www.agioklima.gr\/wp-content\/uploads\/2015\/10\/agioklima-splitlevel-niki-120x120.jpg 120w, https:\/\/www.agioklima.gr\/wp-content\/uploads\/2015\/10\/agioklima-splitlevel-niki-210x210.jpg 210w\" sizes=\"auto, (max-width: 120px) 100vw, 120px\" \/><\/a>\n\t\t\t<\/dt><\/dl><dl class='gallery-item'>\n\t\t\t<dt class='gallery-icon landscape'>\n\t\t\t\t<a href='https:\/\/www.agioklima.gr\/wp-content\/uploads\/2015\/10\/agioklima-traditional-kite.jpg'><img loading=\"lazy\" decoding=\"async\" width=\"120\" height=\"120\" src=\"https:\/\/www.agioklima.gr\/wp-content\/uploads\/2015\/10\/agioklima-traditional-kite-120x120.jpg\" class=\"attachment-thumbnail size-thumbnail\" alt=\"\" srcset=\"https:\/\/www.agioklima.gr\/wp-content\/uploads\/2015\/10\/agioklima-traditional-kite-120x120.jpg 120w, https:\/\/www.agioklima.gr\/wp-content\/uploads\/2015\/10\/agioklima-traditional-kite-210x210.jpg 210w\" sizes=\"auto, (max-width: 120px) 100vw, 120px\" \/><\/a>\n\t\t\t<\/dt><\/dl><dl class='gallery-item'>\n\t\t\t<dt class='gallery-icon landscape'>\n\t\t\t\t<a href='https:\/\/www.agioklima.gr\/wp-content\/uploads\/2015\/10\/toilet-traditional-house.jpg'><img loading=\"lazy\" decoding=\"async\" width=\"120\" height=\"120\" src=\"https:\/\/www.agioklima.gr\/wp-content\/uploads\/2015\/10\/toilet-traditional-house-120x120.jpg\" class=\"attachment-thumbnail size-thumbnail\" alt=\"\" srcset=\"https:\/\/www.agioklima.gr\/wp-content\/uploads\/2015\/10\/toilet-traditional-house-120x120.jpg 120w, https:\/\/www.agioklima.gr\/wp-content\/uploads\/2015\/10\/toilet-traditional-house-210x210.jpg 210w\" sizes=\"auto, (max-width: 120px) 100vw, 120px\" \/><\/a>\n\t\t\t<\/dt><\/dl><br style=\"clear: both\" \/>\n\t\t<\/div>\n\n<p style=\"text-align: justify;\">Elle est compos\u00e9e de r\u00e9sidences avec des meubles antiquaires, bien \u00e9quip\u00e9es (machine \u00e0 laver, internet), de deux ou quatre lits, avec des \u00abondas\u00bb cr\u00e9tois en bois (une sorte de mezzanine), des chemin\u00e9es en pierre mais aussi du chauffage central individuel.<\/p>\n<p style=\"text-align: justify;\">Toutes les r\u00e9sidences pourvues d\u2019une cour et v\u00e9randa ont une vue magnifique sur la fameuse montagne de Psiloritis et de ses villages.<\/p>\n<p style=\"text-align: justify;\">Agioklima reste ouvert pendant toute l\u2019ann\u00e9e.<\/p>\n","protected":false},"excerpt":{"rendered":"<p>Agioklima, maison traditionnelle cr\u00e9toise Agioklima (ch\u00e8vrefeuille), maison \u00e0 deux \u00e9tages et en pierre, entour\u00e9e de ses cours, ses v\u00e9randas et ses jardins, ouverte aux trois points cardinaux, vous attend. Construite fin du 19\u00e8me si\u00e8cle, r\u00e9nov\u00e9e tout en respectant la tradition architecturale et en m\u00eame temps tr\u00e8s fonctionnelle pour le voyageur.&hellip; <\/p>\n","protected":false},"author":1,"featured_media":0,"parent":0,"menu_order":0,"comment_status":"closed","ping_status":"closed","template":"","meta":{"footnotes":""},"class_list":["post-818","page","type-page","status-publish","hentry"],"_links":{"self":[{"href":"https:\/\/www.agioklima.gr\/fr\/wp-json\/wp\/v2\/pages\/818","targetHints":{"allow":["GET"]}}],"collection":[{"href":"https:\/\/www.agioklima.gr\/fr\/wp-json\/wp\/v2\/pages"}],"about":[{"href":"https:\/\/www.agioklima.gr\/fr\/wp-json\/wp\/v2\/types\/page"}],"author":[{"embeddable":true,"href":"https:\/\/www.agioklima.gr\/fr\/wp-json\/wp\/v2\/users\/1"}],"replies":[{"embeddable":true,"href":"https:\/\/www.agioklima.gr\/fr\/wp-json\/wp\/v2\/comments?post=818"}],"version-history":[{"count":0,"href":"https:\/\/www.agioklima.gr\/fr\/wp-json\/wp\/v2\/pages\/818\/revisions"}],"wp:attachment":[{"href":"https:\/\/www.agioklima.gr\/fr\/wp-json\/wp\/v2\/media?parent=818"}],"curies":[{"name":"wp","href":"https:\/\/api.w.org\/{rel}","templated":true}]}}