{"id":813,"date":"2015-11-12T14:08:02","date_gmt":"2015-11-12T12:08:02","guid":{"rendered":"http:\/\/www.agioklima.gr\/fr\/?page_id=813"},"modified":"2015-12-05T13:57:06","modified_gmt":"2015-12-05T11:57:06","slug":"location-fr","status":"publish","type":"page","link":"https:\/\/www.agioklima.gr\/fr\/location-fr\/","title":{"rendered":"Emplacement"},"content":{"rendered":"<h2><b>Emplacement de Agioklima en Cr\u00e8te<\/b><\/h2>\n<p style=\"text-align: justify;\">Au sommet de la colline \u00e0 340 m d&rsquo;altitude le village Petrokephalo est tourn\u00e9 au nord vers la mer cr\u00e9toise tandis qu&rsquo;\u00e0 l&rsquo;ouest et au sud vers la masse de Psiloritis (oros Idi) et ses villages.<\/p>\n<p style=\"text-align: justify;\">\u00c0 16 kilom\u00e8tres d&rsquo; H\u00e9raklion et \u00e0 6 kilom\u00e8tres de l&rsquo;Universit\u00e9 de Cr\u00e8te et de l&rsquo;Institut des Recherches Technologiques (I.T.E) le village constitue le carrefour de la province de Malevizi. Ayant comme point de d\u00e9part le bourg Petrokephalo, la route gauche conduit au village historique de Agios Myronas (l&rsquo;ancienne Rafkos) et apr\u00e8s 6-7 Kilom\u00e8tres on trouve les villages Kato et Pano Assites et le monast\u00e8re historique de Gorgola\u00efni. \u00c0 cet endroit on rencontre aussi le sentier europ\u00e9en E4 vers le refuge de haute montagne de Prinos.<\/p>\n<p style=\"text-align: justify;\">\u00c0 trois kilom\u00e8tres des Assites on se trouve au village de Prinias et aux fouilles de l&rsquo;ancienne Rizinia ayant devant nous la plaine de Messara et plus loin jusqu&rsquo; \u00e0 Phaistos et Gortyna. Et tout cela encadr\u00e9 dans le paysage serein de la province de Malevizi \u2013 la Toscane de Cr\u00e8te, selon les V\u00e9nitiens \u2013 avec ses vignobles, oliviers, ses monast\u00e8res historiques, ses petites chapelles de campagne et surtout ses habitants hospitaliers.<\/p>\n\n\t\t<style type=\"text\/css\">\n\t\t\t#gallery-1 {\n\t\t\t\tmargin: auto;\n\t\t\t}\n\t\t\t#gallery-1 .gallery-item {\n\t\t\t\tfloat: left;\n\t\t\t\tmargin-top: 10px;\n\t\t\t\ttext-align: center;\n\t\t\t\twidth: 20%;\n\t\t\t}\n\t\t\t#gallery-1 img {\n\t\t\t\tborder: 2px solid #cfcfcf;\n\t\t\t}\n\t\t\t#gallery-1 .gallery-caption {\n\t\t\t\tmargin-left: 0;\n\t\t\t}\n\t\t\t\/* see gallery_shortcode() in wp-includes\/media.php *\/\n\t\t<\/style>\n\t\t<div id='gallery-1' class='gallery galleryid-813 gallery-columns-5 gallery-size-thumbnail'><dl class='gallery-item'>\n\t\t\t<dt class='gallery-icon landscape'>\n\t\t\t\t<a href='https:\/\/www.agioklima.gr\/wp-content\/uploads\/2015\/10\/agioklima-pendamodi.jpg'><img loading=\"lazy\" decoding=\"async\" width=\"120\" height=\"120\" src=\"https:\/\/www.agioklima.gr\/wp-content\/uploads\/2015\/10\/agioklima-pendamodi-120x120.jpg\" class=\"attachment-thumbnail size-thumbnail\" alt=\"\" srcset=\"https:\/\/www.agioklima.gr\/wp-content\/uploads\/2015\/10\/agioklima-pendamodi-120x120.jpg 120w, https:\/\/www.agioklima.gr\/wp-content\/uploads\/2015\/10\/agioklima-pendamodi-210x210.jpg 210w\" sizes=\"auto, (max-width: 120px) 100vw, 120px\" \/><\/a>\n\t\t\t<\/dt><\/dl><dl class='gallery-item'>\n\t\t\t<dt class='gallery-icon landscape'>\n\t\t\t\t<a href='https:\/\/www.agioklima.gr\/wp-content\/uploads\/2015\/10\/sunset-behind-psiloritis.jpg'><img loading=\"lazy\" decoding=\"async\" width=\"120\" height=\"120\" src=\"https:\/\/www.agioklima.gr\/wp-content\/uploads\/2015\/10\/sunset-behind-psiloritis-120x120.jpg\" class=\"attachment-thumbnail size-thumbnail\" alt=\"\" srcset=\"https:\/\/www.agioklima.gr\/wp-content\/uploads\/2015\/10\/sunset-behind-psiloritis-120x120.jpg 120w, https:\/\/www.agioklima.gr\/wp-content\/uploads\/2015\/10\/sunset-behind-psiloritis-210x210.jpg 210w\" sizes=\"auto, (max-width: 120px) 100vw, 120px\" \/><\/a>\n\t\t\t<\/dt><\/dl><dl class='gallery-item'>\n\t\t\t<dt class='gallery-icon landscape'>\n\t\t\t\t<a href='https:\/\/www.agioklima.gr\/wp-content\/uploads\/2015\/10\/agioklima-cretan-sea.jpg'><img loading=\"lazy\" decoding=\"async\" width=\"120\" height=\"120\" src=\"https:\/\/www.agioklima.gr\/wp-content\/uploads\/2015\/10\/agioklima-cretan-sea-120x120.jpg\" class=\"attachment-thumbnail size-thumbnail\" alt=\"\" srcset=\"https:\/\/www.agioklima.gr\/wp-content\/uploads\/2015\/10\/agioklima-cretan-sea-120x120.jpg 120w, https:\/\/www.agioklima.gr\/wp-content\/uploads\/2015\/10\/agioklima-cretan-sea-210x210.jpg 210w\" sizes=\"auto, (max-width: 120px) 100vw, 120px\" \/><\/a>\n\t\t\t<\/dt><\/dl><dl class='gallery-item'>\n\t\t\t<dt class='gallery-icon landscape'>\n\t\t\t\t<a href='https:\/\/www.agioklima.gr\/wp-content\/uploads\/2015\/10\/pendamoni-petrokefalo.jpg'><img loading=\"lazy\" decoding=\"async\" width=\"120\" height=\"120\" src=\"https:\/\/www.agioklima.gr\/wp-content\/uploads\/2015\/10\/pendamoni-petrokefalo-120x120.jpg\" class=\"attachment-thumbnail size-thumbnail\" alt=\"\" srcset=\"https:\/\/www.agioklima.gr\/wp-content\/uploads\/2015\/10\/pendamoni-petrokefalo-120x120.jpg 120w, https:\/\/www.agioklima.gr\/wp-content\/uploads\/2015\/10\/pendamoni-petrokefalo-210x210.jpg 210w\" sizes=\"auto, (max-width: 120px) 100vw, 120px\" \/><\/a>\n\t\t\t<\/dt><\/dl><dl class='gallery-item'>\n\t\t\t<dt class='gallery-icon landscape'>\n\t\t\t\t<a href='https:\/\/www.agioklima.gr\/wp-content\/uploads\/2015\/10\/petrokefaloview-east.jpg'><img loading=\"lazy\" decoding=\"async\" width=\"120\" height=\"120\" src=\"https:\/\/www.agioklima.gr\/wp-content\/uploads\/2015\/10\/petrokefaloview-east-120x120.jpg\" class=\"attachment-thumbnail size-thumbnail\" alt=\"\" srcset=\"https:\/\/www.agioklima.gr\/wp-content\/uploads\/2015\/10\/petrokefaloview-east-120x120.jpg 120w, https:\/\/www.agioklima.gr\/wp-content\/uploads\/2015\/10\/petrokefaloview-east-210x210.jpg 210w\" sizes=\"auto, (max-width: 120px) 100vw, 120px\" \/><\/a>\n\t\t\t<\/dt><\/dl><br style=\"clear: both\" \/>\n\t\t<\/div>\n\n<p style=\"text-align: justify;\">Si vous aimez la randonn\u00e9e, Agioklima \u00e0 Petrokefalo est un endroit ideal pour commencer votre marche. La route devant le jardin m\u00e8ne tout droit dans la vall\u00e9e. On rencontre de jolis endroits o\u00f9 l\u2019on peut boire de l\u2019eau du puits devant l\u2019\u00e9glise sous les platanes ou converser avec les villageois dans les pr\u00e8s.<br \/>\nSi vous aimez lire, ou si vous \u00eates \u00e9crivain, ici vous trouverez la tranquillit\u00e9 que vous cherchez.<\/p>\n<h3>La carte Google<\/h3>\n<div class=\"openMap\"><img loading=\"lazy\" decoding=\"async\" class=\"size-thumbnail wp-image-740 alignnone\" src=\"http:\/\/www.agioklima.gr\/wp-content\/uploads\/2015\/10\/gmap-120x78.png\" alt=\"crete petrokefalo map\" width=\"120\" height=\"78\" \/><\/div>\n<div class=\"openMap\">Montrer la carte<\/div>\n<div class=\"gmap-show\"><\/div>\n","protected":false},"excerpt":{"rendered":"<p>Emplacement de Agioklima en Cr\u00e8te Au sommet de la colline \u00e0 340 m d&rsquo;altitude le village Petrokephalo est tourn\u00e9 au nord vers la mer cr\u00e9toise tandis qu&rsquo;\u00e0 l&rsquo;ouest et au sud vers la masse de Psiloritis (oros Idi) et ses villages. \u00c0 16 kilom\u00e8tres d&rsquo; H\u00e9raklion et \u00e0 6 kilom\u00e8tres&hellip; <\/p>\n","protected":false},"author":1,"featured_media":0,"parent":0,"menu_order":0,"comment_status":"closed","ping_status":"closed","template":"","meta":{"footnotes":""},"class_list":["post-813","page","type-page","status-publish","hentry"],"_links":{"self":[{"href":"https:\/\/www.agioklima.gr\/fr\/wp-json\/wp\/v2\/pages\/813","targetHints":{"allow":["GET"]}}],"collection":[{"href":"https:\/\/www.agioklima.gr\/fr\/wp-json\/wp\/v2\/pages"}],"about":[{"href":"https:\/\/www.agioklima.gr\/fr\/wp-json\/wp\/v2\/types\/page"}],"author":[{"embeddable":true,"href":"https:\/\/www.agioklima.gr\/fr\/wp-json\/wp\/v2\/users\/1"}],"replies":[{"embeddable":true,"href":"https:\/\/www.agioklima.gr\/fr\/wp-json\/wp\/v2\/comments?post=813"}],"version-history":[{"count":0,"href":"https:\/\/www.agioklima.gr\/fr\/wp-json\/wp\/v2\/pages\/813\/revisions"}],"wp:attachment":[{"href":"https:\/\/www.agioklima.gr\/fr\/wp-json\/wp\/v2\/media?parent=813"}],"curies":[{"name":"wp","href":"https:\/\/api.w.org\/{rel}","templated":true}]}}