{"id":809,"date":"2015-11-12T14:01:29","date_gmt":"2015-11-12T12:01:29","guid":{"rendered":"http:\/\/www.agioklima.gr\/fr\/?page_id=809"},"modified":"2018-06-27T21:07:40","modified_gmt":"2018-06-27T18:07:40","slug":"agioklima","status":"publish","type":"page","link":"https:\/\/www.agioklima.gr\/fr\/","title":{"rendered":"Agioklima"},"content":{"rendered":"<h2>Bienvenue<\/h2>\n<p><span style=\"color: #808080;\"><strong><em>\u00ab\u00a0&#8230;au sein de la montagne para\u00eet tout blanc, blotti dans le soleil le bourg Petrok\u00e9phalo\u00a0\u00bb<\/em><\/strong><\/span><\/p>\n<div class=\"textRight\">Nikos Kazantzakis (Libert\u00e9 ou mort)<\/div>\n\n\t\t<style type=\"text\/css\">\n\t\t\t#gallery-1 {\n\t\t\t\tmargin: auto;\n\t\t\t}\n\t\t\t#gallery-1 .gallery-item {\n\t\t\t\tfloat: left;\n\t\t\t\tmargin-top: 10px;\n\t\t\t\ttext-align: center;\n\t\t\t\twidth: 20%;\n\t\t\t}\n\t\t\t#gallery-1 img {\n\t\t\t\tborder: 2px solid #cfcfcf;\n\t\t\t}\n\t\t\t#gallery-1 .gallery-caption {\n\t\t\t\tmargin-left: 0;\n\t\t\t}\n\t\t\t\/* see gallery_shortcode() in wp-includes\/media.php *\/\n\t\t<\/style>\n\t\t<div id='gallery-1' class='gallery galleryid-809 gallery-columns-5 gallery-size-thumbnail'><dl class='gallery-item'>\n\t\t\t<dt class='gallery-icon landscape'>\n\t\t\t\t<a href='https:\/\/www.agioklima.gr\/wp-content\/uploads\/2015\/10\/agioklima-house-side.jpg'><img loading=\"lazy\" decoding=\"async\" width=\"120\" height=\"120\" src=\"https:\/\/www.agioklima.gr\/wp-content\/uploads\/2015\/10\/agioklima-house-side-150x150.jpg\" class=\"attachment-thumbnail size-thumbnail\" alt=\"\" srcset=\"https:\/\/www.agioklima.gr\/wp-content\/uploads\/2015\/10\/agioklima-house-side-150x150.jpg 150w, https:\/\/www.agioklima.gr\/wp-content\/uploads\/2015\/10\/agioklima-house-side-210x210.jpg 210w\" sizes=\"auto, (max-width: 120px) 100vw, 120px\" \/><\/a>\n\t\t\t<\/dt><\/dl><dl class='gallery-item'>\n\t\t\t<dt class='gallery-icon landscape'>\n\t\t\t\t<a href='https:\/\/www.agioklima.gr\/wp-content\/uploads\/2015\/10\/agioklima-garden.jpg'><img loading=\"lazy\" decoding=\"async\" width=\"120\" height=\"120\" src=\"https:\/\/www.agioklima.gr\/wp-content\/uploads\/2015\/10\/agioklima-garden-150x150.jpg\" class=\"attachment-thumbnail size-thumbnail\" alt=\"\" srcset=\"https:\/\/www.agioklima.gr\/wp-content\/uploads\/2015\/10\/agioklima-garden-150x150.jpg 150w, https:\/\/www.agioklima.gr\/wp-content\/uploads\/2015\/10\/agioklima-garden-210x210.jpg 210w\" sizes=\"auto, (max-width: 120px) 100vw, 120px\" \/><\/a>\n\t\t\t<\/dt><\/dl><dl class='gallery-item'>\n\t\t\t<dt class='gallery-icon landscape'>\n\t\t\t\t<a href='https:\/\/www.agioklima.gr\/wp-content\/uploads\/2015\/10\/front-pergola.jpg'><img loading=\"lazy\" decoding=\"async\" width=\"120\" height=\"120\" src=\"https:\/\/www.agioklima.gr\/wp-content\/uploads\/2015\/10\/front-pergola-150x150.jpg\" class=\"attachment-thumbnail size-thumbnail\" alt=\"\" srcset=\"https:\/\/www.agioklima.gr\/wp-content\/uploads\/2015\/10\/front-pergola-150x150.jpg 150w, https:\/\/www.agioklima.gr\/wp-content\/uploads\/2015\/10\/front-pergola-210x210.jpg 210w\" sizes=\"auto, (max-width: 120px) 100vw, 120px\" \/><\/a>\n\t\t\t<\/dt><\/dl><dl class='gallery-item'>\n\t\t\t<dt class='gallery-icon landscape'>\n\t\t\t\t<a href='https:\/\/www.agioklima.gr\/wp-content\/uploads\/2015\/10\/apartment-crete.jpg'><img loading=\"lazy\" decoding=\"async\" width=\"120\" height=\"120\" src=\"https:\/\/www.agioklima.gr\/wp-content\/uploads\/2015\/10\/apartment-crete-150x150.jpg\" class=\"attachment-thumbnail size-thumbnail\" alt=\"\" srcset=\"https:\/\/www.agioklima.gr\/wp-content\/uploads\/2015\/10\/apartment-crete-150x150.jpg 150w, https:\/\/www.agioklima.gr\/wp-content\/uploads\/2015\/10\/apartment-crete-210x210.jpg 210w\" sizes=\"auto, (max-width: 120px) 100vw, 120px\" \/><\/a>\n\t\t\t<\/dt><\/dl><dl class='gallery-item'>\n\t\t\t<dt class='gallery-icon landscape'>\n\t\t\t\t<a href='https:\/\/www.agioklima.gr\/wp-content\/uploads\/2015\/10\/agioklima-streetview.jpg'><img loading=\"lazy\" decoding=\"async\" width=\"120\" height=\"120\" src=\"https:\/\/www.agioklima.gr\/wp-content\/uploads\/2015\/10\/agioklima-streetview-150x150.jpg\" class=\"attachment-thumbnail size-thumbnail\" alt=\"\" srcset=\"https:\/\/www.agioklima.gr\/wp-content\/uploads\/2015\/10\/agioklima-streetview-150x150.jpg 150w, https:\/\/www.agioklima.gr\/wp-content\/uploads\/2015\/10\/agioklima-streetview-210x210.jpg 210w\" sizes=\"auto, (max-width: 120px) 100vw, 120px\" \/><\/a>\n\t\t\t<\/dt><\/dl><br style=\"clear: both\" \/>\n\t\t<\/div>\n\n<p style=\"text-align: justify;\">Bienvenue \u00e0 Agioklima, une vieille maison traditionnelle avec salle de bains en plein c\u0153ur de la Cr\u00e8te.<br \/>\nLes maisons de Agioclima sont des maisons villageoises restaur\u00e9es aux confins du village ayant comme vue la belle vall\u00e9e vers Pendamodi, Kroussonas et, vers le nord, vers Heraklion et la mer cr\u00e9toise.<\/p>\n<p><img loading=\"lazy\" decoding=\"async\" class=\"alignright size-full wp-image-122\" src=\"http:\/\/www.agioklima.gr\/wp-content\/uploads\/2015\/10\/petrokefalo_place.png\" alt=\"petrokefalo_place\" width=\"200\" height=\"115\" \/>Les maisons sont s\u00e9par\u00e9es en appartements \u00e9quip\u00e9s de 40 \u00e0 70 m2 pour 2-4 personnes avec chemin\u00e9e de pierre et quisine. Le centre d\u2019Heraklion est \u00e0 16 km \u00e0 peu pr\u00e8s de Petrokefalo.<\/p>\n<p>&nbsp;<\/p>\n<p>&nbsp;<\/p>\n\n\t\t<style type=\"text\/css\">\n\t\t\t#gallery-2 {\n\t\t\t\tmargin: auto;\n\t\t\t}\n\t\t\t#gallery-2 .gallery-item {\n\t\t\t\tfloat: left;\n\t\t\t\tmargin-top: 10px;\n\t\t\t\ttext-align: center;\n\t\t\t\twidth: 20%;\n\t\t\t}\n\t\t\t#gallery-2 img {\n\t\t\t\tborder: 2px solid #cfcfcf;\n\t\t\t}\n\t\t\t#gallery-2 .gallery-caption {\n\t\t\t\tmargin-left: 0;\n\t\t\t}\n\t\t\t\/* see gallery_shortcode() in wp-includes\/media.php *\/\n\t\t<\/style>\n\t\t<div id='gallery-2' class='gallery galleryid-809 gallery-columns-5 gallery-size-thumbnail'><dl class='gallery-item'>\n\t\t\t<dt class='gallery-icon portrait'>\n\t\t\t\t<a href='https:\/\/www.agioklima.gr\/wp-content\/uploads\/2018\/06\/agioklima-first-view.jpg'><img loading=\"lazy\" decoding=\"async\" width=\"120\" height=\"120\" src=\"https:\/\/www.agioklima.gr\/wp-content\/uploads\/2018\/06\/agioklima-first-view-120x120.jpg\" class=\"attachment-thumbnail size-thumbnail\" alt=\"La maison d&#039;h\u00f4tes abrite les ann\u00e9es 1900\" srcset=\"https:\/\/www.agioklima.gr\/wp-content\/uploads\/2018\/06\/agioklima-first-view-120x120.jpg 120w, https:\/\/www.agioklima.gr\/wp-content\/uploads\/2018\/06\/agioklima-first-view-210x210.jpg 210w\" sizes=\"auto, (max-width: 120px) 100vw, 120px\" \/><\/a>\n\t\t\t<\/dt><\/dl><dl class='gallery-item'>\n\t\t\t<dt class='gallery-icon portrait'>\n\t\t\t\t<a href='https:\/\/www.agioklima.gr\/wp-content\/uploads\/2018\/06\/view-coffee-agioklima.jpg'><img loading=\"lazy\" decoding=\"async\" width=\"120\" height=\"120\" src=\"https:\/\/www.agioklima.gr\/wp-content\/uploads\/2018\/06\/view-coffee-agioklima-120x120.jpg\" class=\"attachment-thumbnail size-thumbnail\" alt=\"A vue sur la mer de Cr\u00e8te\" srcset=\"https:\/\/www.agioklima.gr\/wp-content\/uploads\/2018\/06\/view-coffee-agioklima-120x120.jpg 120w, https:\/\/www.agioklima.gr\/wp-content\/uploads\/2018\/06\/view-coffee-agioklima-210x210.jpg 210w\" sizes=\"auto, (max-width: 120px) 100vw, 120px\" \/><\/a>\n\t\t\t<\/dt><\/dl><dl class='gallery-item'>\n\t\t\t<dt class='gallery-icon portrait'>\n\t\t\t\t<a href='https:\/\/www.agioklima.gr\/wp-content\/uploads\/2018\/06\/yard-cute-cats.jpg'><img loading=\"lazy\" decoding=\"async\" width=\"120\" height=\"120\" src=\"https:\/\/www.agioklima.gr\/wp-content\/uploads\/2018\/06\/yard-cute-cats-120x120.jpg\" class=\"attachment-thumbnail size-thumbnail\" alt=\"La vue sur le mont Ida\" srcset=\"https:\/\/www.agioklima.gr\/wp-content\/uploads\/2018\/06\/yard-cute-cats-120x120.jpg 120w, https:\/\/www.agioklima.gr\/wp-content\/uploads\/2018\/06\/yard-cute-cats-210x210.jpg 210w\" sizes=\"auto, (max-width: 120px) 100vw, 120px\" \/><\/a>\n\t\t\t<\/dt><\/dl><dl class='gallery-item'>\n\t\t\t<dt class='gallery-icon portrait'>\n\t\t\t\t<a href='https:\/\/www.agioklima.gr\/wp-content\/uploads\/2018\/06\/yard-plants-view.jpg'><img loading=\"lazy\" decoding=\"async\" width=\"120\" height=\"120\" src=\"https:\/\/www.agioklima.gr\/wp-content\/uploads\/2018\/06\/yard-plants-view-120x120.jpg\" class=\"attachment-thumbnail size-thumbnail\" alt=\"La vue sur le mont Ida 2\" srcset=\"https:\/\/www.agioklima.gr\/wp-content\/uploads\/2018\/06\/yard-plants-view-120x120.jpg 120w, https:\/\/www.agioklima.gr\/wp-content\/uploads\/2018\/06\/yard-plants-view-210x210.jpg 210w\" sizes=\"auto, (max-width: 120px) 100vw, 120px\" \/><\/a>\n\t\t\t<\/dt><\/dl><dl class='gallery-item'>\n\t\t\t<dt class='gallery-icon portrait'>\n\t\t\t\t<a href='https:\/\/www.agioklima.gr\/wp-content\/uploads\/2018\/06\/yard-decoration.jpg'><img loading=\"lazy\" decoding=\"async\" width=\"120\" height=\"120\" src=\"https:\/\/www.agioklima.gr\/wp-content\/uploads\/2018\/06\/yard-decoration-120x120.jpg\" class=\"attachment-thumbnail size-thumbnail\" alt=\"Agioklima grenat \u00e0 cornes\" srcset=\"https:\/\/www.agioklima.gr\/wp-content\/uploads\/2018\/06\/yard-decoration-120x120.jpg 120w, https:\/\/www.agioklima.gr\/wp-content\/uploads\/2018\/06\/yard-decoration-210x210.jpg 210w\" sizes=\"auto, (max-width: 120px) 100vw, 120px\" \/><\/a>\n\t\t\t<\/dt><\/dl><br style=\"clear: both\" \/><dl class='gallery-item'>\n\t\t\t<dt class='gallery-icon portrait'>\n\t\t\t\t<a href='https:\/\/www.agioklima.gr\/wp-content\/uploads\/2018\/06\/agioklima-interior-stair.jpg'><img loading=\"lazy\" decoding=\"async\" width=\"120\" height=\"120\" src=\"https:\/\/www.agioklima.gr\/wp-content\/uploads\/2018\/06\/agioklima-interior-stair-120x120.jpg\" class=\"attachment-thumbnail size-thumbnail\" alt=\"Authentique: bois et pierre\" srcset=\"https:\/\/www.agioklima.gr\/wp-content\/uploads\/2018\/06\/agioklima-interior-stair-120x120.jpg 120w, https:\/\/www.agioklima.gr\/wp-content\/uploads\/2018\/06\/agioklima-interior-stair-210x210.jpg 210w\" sizes=\"auto, (max-width: 120px) 100vw, 120px\" \/><\/a>\n\t\t\t<\/dt><\/dl><dl class='gallery-item'>\n\t\t\t<dt class='gallery-icon portrait'>\n\t\t\t\t<a href='https:\/\/www.agioklima.gr\/wp-content\/uploads\/2018\/06\/agioklima-mirror-reflections.jpg'><img loading=\"lazy\" decoding=\"async\" width=\"120\" height=\"120\" src=\"https:\/\/www.agioklima.gr\/wp-content\/uploads\/2018\/06\/agioklima-mirror-reflections-120x120.jpg\" class=\"attachment-thumbnail size-thumbnail\" alt=\"A travers le miroir\" srcset=\"https:\/\/www.agioklima.gr\/wp-content\/uploads\/2018\/06\/agioklima-mirror-reflections-120x120.jpg 120w, https:\/\/www.agioklima.gr\/wp-content\/uploads\/2018\/06\/agioklima-mirror-reflections-210x210.jpg 210w\" sizes=\"auto, (max-width: 120px) 100vw, 120px\" \/><\/a>\n\t\t\t<\/dt><\/dl>\n\t\t\t<br style='clear: both' \/>\n\t\t<\/div>\n\n<p>&nbsp;<\/p>\n<h4>S&rsquo;il vous pla\u00eet nous trouver aussi \u00e0:<\/h4>\n<h5><a href=\"https:\/\/www.tripadvisor.fr\/Hotel_Review-g189417-d2550960-Reviews-AgioKlima_Tradional_Houses-Heraklion_Crete.html\" target=\"_blank\" rel=\"noopener\">Pages de TripAdvisor<\/a><br \/>\nou \u00e0 <a href=\"https:\/\/www.booking.com\/hotel\/gr\/agioklima-traditional-cretan-house.fr.html?label=gen173rf-1FCAsoXEIiYWdpb2tsaW1hLXRyYWRpdGlvbmFsLWNyZXRhbi1ob3VzZUgIWANoXIgBAZgBCMIBCndpbmRvd3MgMTDIAQ_YAQHoAQH4AQKSAgF5ogIMYWdpb2tsaW1hLmdyqAID&amp;sid=14af3eb83c9df1f1008bae57d7bd5aee&amp;lang=fr&amp;sb_price_type=total&amp;soz=1&amp;type=total&amp;lang_click=other;cdl=de;lang_changed=1\" target=\"_blank\" rel=\"noopener\">Booking.com<\/a><\/h5>\n","protected":false},"excerpt":{"rendered":"<p>Bienvenue \u00ab\u00a0&#8230;au sein de la montagne para\u00eet tout blanc, blotti dans le soleil le bourg Petrok\u00e9phalo\u00a0\u00bb Nikos Kazantzakis (Libert\u00e9 ou mort) Bienvenue \u00e0 Agioklima, une vieille maison traditionnelle avec salle de bains en plein c\u0153ur de la Cr\u00e8te. Les maisons de Agioclima sont des maisons villageoises restaur\u00e9es aux confins du&hellip; <\/p>\n","protected":false},"author":1,"featured_media":0,"parent":0,"menu_order":0,"comment_status":"closed","ping_status":"closed","template":"","meta":{"footnotes":""},"class_list":["post-809","page","type-page","status-publish","hentry"],"_links":{"self":[{"href":"https:\/\/www.agioklima.gr\/fr\/wp-json\/wp\/v2\/pages\/809","targetHints":{"allow":["GET"]}}],"collection":[{"href":"https:\/\/www.agioklima.gr\/fr\/wp-json\/wp\/v2\/pages"}],"about":[{"href":"https:\/\/www.agioklima.gr\/fr\/wp-json\/wp\/v2\/types\/page"}],"author":[{"embeddable":true,"href":"https:\/\/www.agioklima.gr\/fr\/wp-json\/wp\/v2\/users\/1"}],"replies":[{"embeddable":true,"href":"https:\/\/www.agioklima.gr\/fr\/wp-json\/wp\/v2\/comments?post=809"}],"version-history":[{"count":0,"href":"https:\/\/www.agioklima.gr\/fr\/wp-json\/wp\/v2\/pages\/809\/revisions"}],"wp:attachment":[{"href":"https:\/\/www.agioklima.gr\/fr\/wp-json\/wp\/v2\/media?parent=809"}],"curies":[{"name":"wp","href":"https:\/\/api.w.org\/{rel}","templated":true}]}}