{"id":888,"date":"2015-11-12T18:39:32","date_gmt":"2015-11-12T16:39:32","guid":{"rendered":"http:\/\/www.agioklima.gr\/es\/?page_id=888"},"modified":"2015-11-12T18:40:18","modified_gmt":"2015-11-12T16:40:18","slug":"terms-conditions-es","status":"publish","type":"page","link":"https:\/\/www.agioklima.gr\/es\/terms-conditions-es\/","title":{"rendered":"T\u00e9rminos y condiciones"},"content":{"rendered":"<p>Descargo de responsabilidad legal de Agioklima<\/p>\n<h5><strong>Derecho intelectual<\/strong><\/h5>\n<p style=\"text-align: justify;\">Los derechos intelectuales de este sitio web, entre los que entienden, los textos, im\u00e1genes, dise\u00f1o, bases de datos, fotos, videos y dem\u00e1s material (est\u00e1tico y \/ o din\u00e1mico) gr\u00e1fico, materiales de buena calidad, formatos, software, consultas (incluyendo nombres de dominio) y el resto del material restante en el web de Agioklima, sus licenciantes y contribuidores. Este sitio web es exclusivamente para uso personal y no comercial. Esto significa que no se permiten otros usos, a menos que se haya obtenido anteriormente la autorizaci\u00f3n por escrito de Agioklima. No se permite utilizar \u2018frames\u2019 de este sitio o de los componentes de la misma sin autorizaci\u00f3n expl\u00edcita.<\/p>\n<h5><strong>Responsabilidad de Agioklima<\/strong><\/h5>\n<p style=\"text-align: justify;\">Agioklima es extremadamente cuidadosa con la adquisici\u00f3n, producci\u00f3n y publicaci\u00f3n de informaci\u00f3n en este sitio web. Sin embargo, ella declina toda responsabilidad por los posibles efectos (entre los que se entiende da\u00f1os directos e indirectos) que en algunos aspectos est\u00e1n relacionados con el uso de este sitio web o la falta de acceso a la p\u00e1gina web, entre los que se entiende jammings, discontinuidades o errores en la subcontrataci\u00f3n de servicios electr\u00f3nicos solicitados por medio de este sitio web. En el caso de la informaci\u00f3n en aquel sitio web sea incompleta o contenga errores, entonces Agioklima no puede ser considerada aqu\u00ed como responsable. Agioklima no es responsable de las referencias a p\u00e1ginas web de terceros (por ejemplo por medio de un enlace o banner) y de los contenidos de terceros ofrecidos por contribuci\u00f3n, como fotograf\u00edas y videos.<span class=\"Apple-converted-space\">\u00a0<\/span><br \/>\nTodas las formas de reconocimiento en todo el material gr\u00e1fico se ha basado en el azar y no pueden reconocerse los derechos.<\/p>\n<h5><strong>Datos de tr\u00e1fico<\/strong><\/h5>\n<p style=\"text-align: justify;\">Para que el funcionamiento de este sitio web sea lo m\u00e1s \u00f3ptimo posible y que sea capaz de coordinar y gestionar las preferencias de los usuarios, se han de recoger ciertos datos sobre los usuarios de este sitio web. Esta informaci\u00f3n puede ser recogida por el uso de las llamadas &#8216;cookies&#8217;. Estos son peque\u00f1os archivos de texto que se colocan autom\u00e1ticamente en su ordenador cuando un sitio web es visitado. La informaci\u00f3n de cookie no puede atribuirse a una persona f\u00edsica e identificable. Por otra parte, Agioklima nunca mantiene informaci\u00f3n personal en las cookies. El usuario puede eliminar el uso de cookies mediante las opciones de Internet de su navegador. Para analizar el uso de su sitio web, Agioklima utiliza un programa de an\u00e1lisis web. Sobre la base de su direcci\u00f3n IP y, posiblemente, su cookie de un programa de an\u00e1lisis, puede recopilar la informaci\u00f3n. Una direcci\u00f3n IP es un n\u00famero que se asigna autom\u00e1ticamente a su computadora si usted navega por Internet. Los servidores Web identifican autom\u00e1ticamente su ordenador sobre la base de la direcci\u00f3n IP. En caso de abuso, su direcci\u00f3n IP se almacena en una base de datos. Para estas condiciones de uso se aplican las leyes griegas. Todos los conflictos posibles se presentan a la jurisprudencia de Atenas con este fin. Estas condiciones de uso pueden ser adoptadas en cualquier momento por Agioklima. Por esta raz\u00f3n, se recomienda examinar las condiciones de uso regular.<\/p>\n","protected":false},"excerpt":{"rendered":"<p>Descargo de responsabilidad legal de Agioklima Derecho intelectual Los derechos intelectuales de este sitio web, entre los que entienden, los textos, im\u00e1genes, dise\u00f1o, bases de datos, fotos, videos y dem\u00e1s material (est\u00e1tico y \/ o din\u00e1mico) gr\u00e1fico, materiales de buena calidad, formatos, software, consultas (incluyendo nombres de dominio) y el&hellip; <\/p>\n","protected":false},"author":1,"featured_media":0,"parent":0,"menu_order":0,"comment_status":"closed","ping_status":"closed","template":"","meta":{"footnotes":""},"class_list":["post-888","page","type-page","status-publish","hentry"],"_links":{"self":[{"href":"https:\/\/www.agioklima.gr\/es\/wp-json\/wp\/v2\/pages\/888","targetHints":{"allow":["GET"]}}],"collection":[{"href":"https:\/\/www.agioklima.gr\/es\/wp-json\/wp\/v2\/pages"}],"about":[{"href":"https:\/\/www.agioklima.gr\/es\/wp-json\/wp\/v2\/types\/page"}],"author":[{"embeddable":true,"href":"https:\/\/www.agioklima.gr\/es\/wp-json\/wp\/v2\/users\/1"}],"replies":[{"embeddable":true,"href":"https:\/\/www.agioklima.gr\/es\/wp-json\/wp\/v2\/comments?post=888"}],"version-history":[{"count":0,"href":"https:\/\/www.agioklima.gr\/es\/wp-json\/wp\/v2\/pages\/888\/revisions"}],"wp:attachment":[{"href":"https:\/\/www.agioklima.gr\/es\/wp-json\/wp\/v2\/media?parent=888"}],"curies":[{"name":"wp","href":"https:\/\/api.w.org\/{rel}","templated":true}]}}