{"id":885,"date":"2015-11-12T18:33:59","date_gmt":"2015-11-12T16:33:59","guid":{"rendered":"http:\/\/www.agioklima.gr\/es\/?page_id=885"},"modified":"2015-12-04T23:13:22","modified_gmt":"2015-12-04T21:13:22","slug":"rural-tourism-es","status":"publish","type":"page","link":"https:\/\/www.agioklima.gr\/es\/rural-tourism-es\/","title":{"rendered":"Turismo Rural"},"content":{"rendered":"<h2>Turismo Rural en Creta<\/h2>\n<p style=\"text-align: justify;\">Si desea relajarse con los sonidos de la naturaleza, encontrar el modo de vida tradicional de la gente en los pueblos participando en las actividades agr\u00edcolas o ganaderas, conocer la aut\u00e9ntica cocina cretense ayudando a la preparaci\u00f3n o caminar por las monta\u00f1as y valles de Creta, la isla m\u00e1s famosa de Grecia, entonces no dude que los hoteles ecotur\u00edsticos y villas o casas tradicionales son el modo m\u00e1s apropiado.<\/p>\n<p style=\"text-align: justify;\">Montar a caballo, montar en bicicleta de monta\u00f1a, caminar por los bosques o a trav\u00e9s de un acantilado, hacer pan o alg\u00fan pastel tradicional son s\u00f3lo unas cuantas de las actividades que podr\u00e1 experimentar mientras permanezca en un hotel agrotur\u00edstico de Creta. O si no, si s\u00f3lo desea descansar, entonces su estancia en el campo cretense le relajar\u00e1 absolutamente, d\u00e1ndole una serenidad completa, oyendo los sonidos de la naturaleza simplemente.<\/p>\n<p style=\"text-align: justify;\">Oficialmente, en Grecia y especialmente en Creta, el naturismo no est\u00e1 permitido, s\u00f3lo en unas pocas playas con licencia. En las playas sin licencia, el naturismo no se permite a veces durante los fines de semana, especialmente en julio y agosto, cuando muchas familias van a nadar con sus hijos. Pero hay bah\u00edas y playas peque\u00f1as o aisladas en toda la costa de la isla, lejos de pueblos, que se usan para hacer nudismo y tomar el sol en topless, y que se permite en casi toda la playa. En las costas norte, este y sur, no hay playas con licencia para naturismo, sin embargo a lo largo de la costa sur de la isla hay m\u00e1s opciones.<\/p>\n","protected":false},"excerpt":{"rendered":"<p>Turismo Rural en Creta Si desea relajarse con los sonidos de la naturaleza, encontrar el modo de vida tradicional de la gente en los pueblos participando en las actividades agr\u00edcolas o ganaderas, conocer la aut\u00e9ntica cocina cretense ayudando a la preparaci\u00f3n o caminar por las monta\u00f1as y valles de Creta,&hellip; <\/p>\n","protected":false},"author":1,"featured_media":0,"parent":0,"menu_order":0,"comment_status":"closed","ping_status":"closed","template":"","meta":{"footnotes":""},"class_list":["post-885","page","type-page","status-publish","hentry"],"_links":{"self":[{"href":"https:\/\/www.agioklima.gr\/es\/wp-json\/wp\/v2\/pages\/885","targetHints":{"allow":["GET"]}}],"collection":[{"href":"https:\/\/www.agioklima.gr\/es\/wp-json\/wp\/v2\/pages"}],"about":[{"href":"https:\/\/www.agioklima.gr\/es\/wp-json\/wp\/v2\/types\/page"}],"author":[{"embeddable":true,"href":"https:\/\/www.agioklima.gr\/es\/wp-json\/wp\/v2\/users\/1"}],"replies":[{"embeddable":true,"href":"https:\/\/www.agioklima.gr\/es\/wp-json\/wp\/v2\/comments?post=885"}],"version-history":[{"count":0,"href":"https:\/\/www.agioklima.gr\/es\/wp-json\/wp\/v2\/pages\/885\/revisions"}],"wp:attachment":[{"href":"https:\/\/www.agioklima.gr\/es\/wp-json\/wp\/v2\/media?parent=885"}],"curies":[{"name":"wp","href":"https:\/\/api.w.org\/{rel}","templated":true}]}}