{"id":881,"date":"2015-11-12T18:29:49","date_gmt":"2015-11-12T16:29:49","guid":{"rendered":"http:\/\/www.agioklima.gr\/es\/?page_id=881"},"modified":"2015-11-12T18:30:36","modified_gmt":"2015-11-12T16:30:36","slug":"casa-tradicional","status":"publish","type":"page","link":"https:\/\/www.agioklima.gr\/es\/casa-tradicional\/","title":{"rendered":"Casa tradicional"},"content":{"rendered":"<h2>Casa tradicional en Creta<\/h2>\n<p style=\"text-align: justify;\">Petrok\u00e9falo es una villa tradicional la cual, a pesar del hecho de estar cerca de Heraklion (16km), no ha perdido nunca sus caracter\u00edsticas identit\u00e1rias tradicionales.<br \/>\nEsta villa est\u00e1 llena de viejas casas tradicionales hechas de piedra, muchas de las cuales tienen patio interior y han sido abandonadas. Petrok\u00e9falo est\u00e1 en lo alto de una colina, rodeado actualmente por campos de vides y olivos.<br \/>\nHasta 1924 fue una villa con una mezcolanza de poblaci\u00f3n interesante, lo cual quiere decir que hab\u00eda muchas familias cretenses turcas bien acomodadas. Los m\u00e1s ancianos del pueblo a\u00fan cuentan bellas historias de los tiempos de sus abuelas.<\/p>\n<p style=\"text-align: justify;\">Las casas tradicionales de la provincia de Malevisi fueron construidas con porolithon (piedra caliza) que es una piedra cretense de color hueso. Las casas tradicionales incluyen la sala principal y la onda (una o m\u00e1s) que fue usada como habitaci\u00f3n (o habitaciones). En el patio, estaba el pozo de agua de la casa y el pedal para pisar las uvas. El vino era un bien necesario en cada casa. La familia lo guardaba en la bodega, que estaba bajo la ondas, para las bodas de los hijos.<br \/>\nLa boda tradicional cretense es un evento muy importante en la vida diaria de Creta, incluso en nuestros d\u00edas.<\/p>\n<p style=\"text-align: justify;\"><div id=\"metaslider-id-628\" style=\"max-width: 300px;\" class=\"ml-slider-3-107-0 metaslider metaslider-nivo metaslider-628 ml-slider has-dots-nav ms-theme-default\" role=\"region\" aria-label=\"TraditionalHouse\" data-height=\"300\" data-width=\"300\">\n    <div id=\"metaslider_container_628\">\n        <div class='slider-wrapper theme-default'><div class='ribbon'><\/div><div id='metaslider_628' class='nivoSlider'><img loading=\"lazy\" decoding=\"async\" src=\"https:\/\/www.agioklima.gr\/wp-content\/uploads\/2015\/11\/traditional-roofwork-crete.jpg\" height=\"300\" width=\"300\" data-caption=\"Traditional roofwork\" alt=\"Petrokefalo Crete traditional roofwork\" class=\"slider-628 slide-619 msDefaultImage\" \/><img loading=\"lazy\" decoding=\"async\" src=\"https:\/\/www.agioklima.gr\/wp-content\/uploads\/2015\/11\/traditional-brickwork-crete.jpg\" height=\"300\" width=\"300\" data-caption=\"Traditional brickwork\" alt=\"Brickwork in Cretan traditional house\" class=\"slider-628 slide-612 msDefaultImage\" \/><img loading=\"lazy\" decoding=\"async\" src=\"https:\/\/www.agioklima.gr\/wp-content\/uploads\/2015\/11\/agios-ioannis-crete.jpg\" height=\"300\" width=\"300\" data-caption=\"Agios Ioannis\" alt=\"Petrokefalo Crete Ag. Ioannis\" class=\"slider-628 slide-605 msDefaultImage\" \/><\/div><\/div>\n        \n    <\/div>\n<\/div><\/p>\n","protected":false},"excerpt":{"rendered":"<p>Casa tradicional en Creta Petrok\u00e9falo es una villa tradicional la cual, a pesar del hecho de estar cerca de Heraklion (16km), no ha perdido nunca sus caracter\u00edsticas identit\u00e1rias tradicionales. Esta villa est\u00e1 llena de viejas casas tradicionales hechas de piedra, muchas de las cuales tienen patio interior y han sido&hellip; <\/p>\n","protected":false},"author":1,"featured_media":0,"parent":0,"menu_order":0,"comment_status":"closed","ping_status":"closed","template":"","meta":{"footnotes":""},"class_list":["post-881","page","type-page","status-publish","hentry"],"_links":{"self":[{"href":"https:\/\/www.agioklima.gr\/es\/wp-json\/wp\/v2\/pages\/881","targetHints":{"allow":["GET"]}}],"collection":[{"href":"https:\/\/www.agioklima.gr\/es\/wp-json\/wp\/v2\/pages"}],"about":[{"href":"https:\/\/www.agioklima.gr\/es\/wp-json\/wp\/v2\/types\/page"}],"author":[{"embeddable":true,"href":"https:\/\/www.agioklima.gr\/es\/wp-json\/wp\/v2\/users\/1"}],"replies":[{"embeddable":true,"href":"https:\/\/www.agioklima.gr\/es\/wp-json\/wp\/v2\/comments?post=881"}],"version-history":[{"count":0,"href":"https:\/\/www.agioklima.gr\/es\/wp-json\/wp\/v2\/pages\/881\/revisions"}],"wp:attachment":[{"href":"https:\/\/www.agioklima.gr\/es\/wp-json\/wp\/v2\/media?parent=881"}],"curies":[{"name":"wp","href":"https:\/\/api.w.org\/{rel}","templated":true}]}}