{"id":879,"date":"2015-11-12T18:26:38","date_gmt":"2015-11-12T16:26:38","guid":{"rendered":"http:\/\/www.agioklima.gr\/es\/?page_id=879"},"modified":"2015-12-05T13:17:48","modified_gmt":"2015-12-05T11:17:48","slug":"house-es","status":"publish","type":"page","link":"https:\/\/www.agioklima.gr\/es\/house-es\/","title":{"rendered":"Casa"},"content":{"rendered":"<h2>Agioklima, casa tradicional de Creta<\/h2>\n<p style=\"text-align: justify;\">Una casa originalmente construida en piedra (de finales del siglo XIX) con patio, jardines y terrazas. Restaurada respetando la tradici\u00f3n a la vez que incluye las comodidades de la vida moderna.<\/p>\n<p style=\"text-align: justify;\">La casa tiene un bonito jard\u00edn donde se ubica el horno original. Se puede preparar comida como patatas con carne o pizza. En el jard\u00edn tambi\u00e9n est\u00e1 la zona de barbacoa. Todos nuestros hu\u00e9spedes pueden usar el jard\u00edn, que tiene unas vistas maravillosas.<\/p>\n\n\t\t<style type=\"text\/css\">\n\t\t\t#gallery-1 {\n\t\t\t\tmargin: auto;\n\t\t\t}\n\t\t\t#gallery-1 .gallery-item {\n\t\t\t\tfloat: left;\n\t\t\t\tmargin-top: 10px;\n\t\t\t\ttext-align: center;\n\t\t\t\twidth: 20%;\n\t\t\t}\n\t\t\t#gallery-1 img {\n\t\t\t\tborder: 2px solid #cfcfcf;\n\t\t\t}\n\t\t\t#gallery-1 .gallery-caption {\n\t\t\t\tmargin-left: 0;\n\t\t\t}\n\t\t\t\/* see gallery_shortcode() in wp-includes\/media.php *\/\n\t\t<\/style>\n\t\t<div id='gallery-1' class='gallery galleryid-879 gallery-columns-5 gallery-size-thumbnail'><dl class='gallery-item'>\n\t\t\t<dt class='gallery-icon landscape'>\n\t\t\t\t<a href='https:\/\/www.agioklima.gr\/wp-content\/uploads\/2015\/10\/agioklima_veranda_kite.jpg'><img loading=\"lazy\" decoding=\"async\" width=\"120\" height=\"120\" src=\"https:\/\/www.agioklima.gr\/wp-content\/uploads\/2015\/10\/agioklima_veranda_kite-120x120.jpg\" class=\"attachment-thumbnail size-thumbnail\" alt=\"\" srcset=\"https:\/\/www.agioklima.gr\/wp-content\/uploads\/2015\/10\/agioklima_veranda_kite-120x120.jpg 120w, https:\/\/www.agioklima.gr\/wp-content\/uploads\/2015\/10\/agioklima_veranda_kite-210x210.jpg 210w\" sizes=\"auto, (max-width: 120px) 100vw, 120px\" \/><\/a>\n\t\t\t<\/dt><\/dl><dl class='gallery-item'>\n\t\t\t<dt class='gallery-icon landscape'>\n\t\t\t\t<a href='https:\/\/www.agioklima.gr\/wp-content\/uploads\/2015\/10\/agioklima-sleep-kite.jpg'><img loading=\"lazy\" decoding=\"async\" width=\"120\" height=\"120\" src=\"https:\/\/www.agioklima.gr\/wp-content\/uploads\/2015\/10\/agioklima-sleep-kite-120x120.jpg\" class=\"attachment-thumbnail size-thumbnail\" alt=\"\" srcset=\"https:\/\/www.agioklima.gr\/wp-content\/uploads\/2015\/10\/agioklima-sleep-kite-120x120.jpg 120w, https:\/\/www.agioklima.gr\/wp-content\/uploads\/2015\/10\/agioklima-sleep-kite-210x210.jpg 210w\" sizes=\"auto, (max-width: 120px) 100vw, 120px\" \/><\/a>\n\t\t\t<\/dt><\/dl><dl class='gallery-item'>\n\t\t\t<dt class='gallery-icon landscape'>\n\t\t\t\t<a href='https:\/\/www.agioklima.gr\/wp-content\/uploads\/2015\/10\/agioklima_splitlevel_niki.jpg'><img loading=\"lazy\" decoding=\"async\" width=\"120\" height=\"120\" src=\"https:\/\/www.agioklima.gr\/wp-content\/uploads\/2015\/10\/agioklima_splitlevel_niki-120x120.jpg\" class=\"attachment-thumbnail size-thumbnail\" alt=\"\" srcset=\"https:\/\/www.agioklima.gr\/wp-content\/uploads\/2015\/10\/agioklima_splitlevel_niki-120x120.jpg 120w, https:\/\/www.agioklima.gr\/wp-content\/uploads\/2015\/10\/agioklima_splitlevel_niki-210x210.jpg 210w\" sizes=\"auto, (max-width: 120px) 100vw, 120px\" \/><\/a>\n\t\t\t<\/dt><\/dl><dl class='gallery-item'>\n\t\t\t<dt class='gallery-icon landscape'>\n\t\t\t\t<a href='https:\/\/www.agioklima.gr\/wp-content\/uploads\/2015\/10\/agioklima_traditional_kite.jpg'><img loading=\"lazy\" decoding=\"async\" width=\"120\" height=\"120\" src=\"https:\/\/www.agioklima.gr\/wp-content\/uploads\/2015\/10\/agioklima_traditional_kite-120x120.jpg\" class=\"attachment-thumbnail size-thumbnail\" alt=\"\" srcset=\"https:\/\/www.agioklima.gr\/wp-content\/uploads\/2015\/10\/agioklima_traditional_kite-120x120.jpg 120w, https:\/\/www.agioklima.gr\/wp-content\/uploads\/2015\/10\/agioklima_traditional_kite-210x210.jpg 210w\" sizes=\"auto, (max-width: 120px) 100vw, 120px\" \/><\/a>\n\t\t\t<\/dt><\/dl><dl class='gallery-item'>\n\t\t\t<dt class='gallery-icon landscape'>\n\t\t\t\t<a href='https:\/\/www.agioklima.gr\/wp-content\/uploads\/2015\/10\/toilet_traditional_house.jpg'><img loading=\"lazy\" decoding=\"async\" width=\"120\" height=\"120\" src=\"https:\/\/www.agioklima.gr\/wp-content\/uploads\/2015\/10\/toilet_traditional_house-120x120.jpg\" class=\"attachment-thumbnail size-thumbnail\" alt=\"\" srcset=\"https:\/\/www.agioklima.gr\/wp-content\/uploads\/2015\/10\/toilet_traditional_house-120x120.jpg 120w, https:\/\/www.agioklima.gr\/wp-content\/uploads\/2015\/10\/toilet_traditional_house-210x210.jpg 210w\" sizes=\"auto, (max-width: 120px) 100vw, 120px\" \/><\/a>\n\t\t\t<\/dt><\/dl><br style=\"clear: both\" \/>\n\t\t<\/div>\n\n<p style=\"text-align: justify;\">Esta casa tradicional est\u00e1 separada en apartamentos de 40-70 m2 completamente equipados para 2-4 personas con utensilios b\u00e1sicos de cocina y cafetera, lavadora, televisi\u00f3n y ducha. Tambi\u00e9n tiene Internet gratuito. Cada apartamento tiene chimenea de piedra y tambi\u00e9n calefacci\u00f3n central para los d\u00edas de invierno.<\/p>\n<p>Abrimos todo el a\u00f1o.<br \/>\nEs posible alquilar por per\u00edodos largos. Este tipo de alquiler tiene precios mensuales ajustados. De esta manera, si trabajas en ITE, la Universidad de Creta, ENISA o FORTH, podemos proporcionarte una estancia prolongada (acorde a tus necesidades) en uno de sus apartamentos.<\/p>\n","protected":false},"excerpt":{"rendered":"<p>Agioklima, casa tradicional de Creta Una casa originalmente construida en piedra (de finales del siglo XIX) con patio, jardines y terrazas. Restaurada respetando la tradici\u00f3n a la vez que incluye las comodidades de la vida moderna. La casa tiene un bonito jard\u00edn donde se ubica el horno original. Se puede&hellip; <\/p>\n","protected":false},"author":1,"featured_media":0,"parent":0,"menu_order":0,"comment_status":"closed","ping_status":"closed","template":"","meta":{"footnotes":""},"class_list":["post-879","page","type-page","status-publish","hentry"],"_links":{"self":[{"href":"https:\/\/www.agioklima.gr\/es\/wp-json\/wp\/v2\/pages\/879","targetHints":{"allow":["GET"]}}],"collection":[{"href":"https:\/\/www.agioklima.gr\/es\/wp-json\/wp\/v2\/pages"}],"about":[{"href":"https:\/\/www.agioklima.gr\/es\/wp-json\/wp\/v2\/types\/page"}],"author":[{"embeddable":true,"href":"https:\/\/www.agioklima.gr\/es\/wp-json\/wp\/v2\/users\/1"}],"replies":[{"embeddable":true,"href":"https:\/\/www.agioklima.gr\/es\/wp-json\/wp\/v2\/comments?post=879"}],"version-history":[{"count":0,"href":"https:\/\/www.agioklima.gr\/es\/wp-json\/wp\/v2\/pages\/879\/revisions"}],"wp:attachment":[{"href":"https:\/\/www.agioklima.gr\/es\/wp-json\/wp\/v2\/media?parent=879"}],"curies":[{"name":"wp","href":"https:\/\/api.w.org\/{rel}","templated":true}]}}