{"id":871,"date":"2015-11-12T18:13:54","date_gmt":"2015-11-12T16:13:54","guid":{"rendered":"http:\/\/www.agioklima.gr\/es\/?page_id=871"},"modified":"2015-11-23T18:50:49","modified_gmt":"2015-11-23T16:50:49","slug":"agioklima","status":"publish","type":"page","link":"https:\/\/www.agioklima.gr\/es\/","title":{"rendered":"Agioklima"},"content":{"rendered":"<h2>Bienvenido<\/h2>\n<p><span style=\"color: #808080;\"><strong><em>\u00abAll\u00ed, al pie del Psiloritis bajo el brillante sol mediterr\u00e1neo, se halla la villa hist\u00f3rica de Petrok\u00e9falo\u00bb<\/em><\/strong><\/span><\/p>\n<div class=\"textRight\">Nikos Kazantzakis (Capit\u00e1n Mijalis)<\/div>\n\n\t\t<style type=\"text\/css\">\n\t\t\t#gallery-1 {\n\t\t\t\tmargin: auto;\n\t\t\t}\n\t\t\t#gallery-1 .gallery-item {\n\t\t\t\tfloat: left;\n\t\t\t\tmargin-top: 10px;\n\t\t\t\ttext-align: center;\n\t\t\t\twidth: 20%;\n\t\t\t}\n\t\t\t#gallery-1 img {\n\t\t\t\tborder: 2px solid #cfcfcf;\n\t\t\t}\n\t\t\t#gallery-1 .gallery-caption {\n\t\t\t\tmargin-left: 0;\n\t\t\t}\n\t\t\t\/* see gallery_shortcode() in wp-includes\/media.php *\/\n\t\t<\/style>\n\t\t<div id='gallery-1' class='gallery galleryid-871 gallery-columns-5 gallery-size-thumbnail'><dl class='gallery-item'>\n\t\t\t<dt class='gallery-icon landscape'>\n\t\t\t\t<a href='https:\/\/www.agioklima.gr\/wp-content\/uploads\/2015\/10\/agioklima-house-side.jpg'><img loading=\"lazy\" decoding=\"async\" width=\"120\" height=\"120\" src=\"https:\/\/www.agioklima.gr\/wp-content\/uploads\/2015\/10\/agioklima-house-side-150x150.jpg\" class=\"attachment-thumbnail size-thumbnail\" alt=\"\" srcset=\"https:\/\/www.agioklima.gr\/wp-content\/uploads\/2015\/10\/agioklima-house-side-150x150.jpg 150w, https:\/\/www.agioklima.gr\/wp-content\/uploads\/2015\/10\/agioklima-house-side-210x210.jpg 210w\" sizes=\"auto, (max-width: 120px) 100vw, 120px\" \/><\/a>\n\t\t\t<\/dt><\/dl><dl class='gallery-item'>\n\t\t\t<dt class='gallery-icon landscape'>\n\t\t\t\t<a href='https:\/\/www.agioklima.gr\/wp-content\/uploads\/2015\/10\/agioklima-garden.jpg'><img loading=\"lazy\" decoding=\"async\" width=\"120\" height=\"120\" src=\"https:\/\/www.agioklima.gr\/wp-content\/uploads\/2015\/10\/agioklima-garden-150x150.jpg\" class=\"attachment-thumbnail size-thumbnail\" alt=\"\" srcset=\"https:\/\/www.agioklima.gr\/wp-content\/uploads\/2015\/10\/agioklima-garden-150x150.jpg 150w, https:\/\/www.agioklima.gr\/wp-content\/uploads\/2015\/10\/agioklima-garden-210x210.jpg 210w\" sizes=\"auto, (max-width: 120px) 100vw, 120px\" \/><\/a>\n\t\t\t<\/dt><\/dl><dl class='gallery-item'>\n\t\t\t<dt class='gallery-icon landscape'>\n\t\t\t\t<a href='https:\/\/www.agioklima.gr\/wp-content\/uploads\/2015\/10\/front-pergola.jpg'><img loading=\"lazy\" decoding=\"async\" width=\"120\" height=\"120\" src=\"https:\/\/www.agioklima.gr\/wp-content\/uploads\/2015\/10\/front-pergola-150x150.jpg\" class=\"attachment-thumbnail size-thumbnail\" alt=\"\" srcset=\"https:\/\/www.agioklima.gr\/wp-content\/uploads\/2015\/10\/front-pergola-150x150.jpg 150w, https:\/\/www.agioklima.gr\/wp-content\/uploads\/2015\/10\/front-pergola-210x210.jpg 210w\" sizes=\"auto, (max-width: 120px) 100vw, 120px\" \/><\/a>\n\t\t\t<\/dt><\/dl><dl class='gallery-item'>\n\t\t\t<dt class='gallery-icon landscape'>\n\t\t\t\t<a href='https:\/\/www.agioklima.gr\/wp-content\/uploads\/2015\/10\/apartment-crete.jpg'><img loading=\"lazy\" decoding=\"async\" width=\"120\" height=\"120\" src=\"https:\/\/www.agioklima.gr\/wp-content\/uploads\/2015\/10\/apartment-crete-150x150.jpg\" class=\"attachment-thumbnail size-thumbnail\" alt=\"\" srcset=\"https:\/\/www.agioklima.gr\/wp-content\/uploads\/2015\/10\/apartment-crete-150x150.jpg 150w, https:\/\/www.agioklima.gr\/wp-content\/uploads\/2015\/10\/apartment-crete-210x210.jpg 210w\" sizes=\"auto, (max-width: 120px) 100vw, 120px\" \/><\/a>\n\t\t\t<\/dt><\/dl><dl class='gallery-item'>\n\t\t\t<dt class='gallery-icon landscape'>\n\t\t\t\t<a href='https:\/\/www.agioklima.gr\/wp-content\/uploads\/2015\/10\/agioklima-streetview.jpg'><img loading=\"lazy\" decoding=\"async\" width=\"120\" height=\"120\" src=\"https:\/\/www.agioklima.gr\/wp-content\/uploads\/2015\/10\/agioklima-streetview-150x150.jpg\" class=\"attachment-thumbnail size-thumbnail\" alt=\"\" srcset=\"https:\/\/www.agioklima.gr\/wp-content\/uploads\/2015\/10\/agioklima-streetview-150x150.jpg 150w, https:\/\/www.agioklima.gr\/wp-content\/uploads\/2015\/10\/agioklima-streetview-210x210.jpg 210w\" sizes=\"auto, (max-width: 120px) 100vw, 120px\" \/><\/a>\n\t\t\t<\/dt><\/dl><br style=\"clear: both\" \/>\n\t\t<\/div>\n\n<p style=\"text-align: justify;\">Bienvenido a Agioklima (madreselva), una antigua casa tradicional cretense completamente equipada en un pueblo tradicional en el coraz\u00f3n de Creta.<br \/>\nLos apartamentos tradicionales de Agioklima son casas rurales restauradas en el linde del pueblo tradicional de Petrok\u00e9falo, con vistas al bello valle que enfrenta a Pentamodi, Kroussonas y por el norte con Heraklion y el mar de Creta.<\/p>\n<p style=\"text-align: justify;\"><img loading=\"lazy\" decoding=\"async\" class=\"alignright size-full wp-image-125\" src=\"http:\/\/www.agioklima.gr\/wp-content\/uploads\/2015\/10\/petrokefalo_place.png\" alt=\"petrokefalo_place\" width=\"200\" height=\"115\" \/>Las casas tradicionales cretanas est\u00e1n separadas en apartamentos completamente equipados de 40-70m2 para 2-4 personas con hogares de piedra y cocinas b\u00e1sicas. El centro de Heraklion est\u00e1 a unos 16 km del pueblecito tradicional de Petrok\u00e9falo.\u00a0\u00a0 \u00a0Petrok\u00e9falo<br \/>\nAdem\u00e1s, la Universidad de Creta, la oficina de la Red Europea ENISA y FORTH est\u00e1n a unos 6km de este pueblo.<\/p>\n<p style=\"text-align: justify;\">\n","protected":false},"excerpt":{"rendered":"<p>Bienvenido \u00abAll\u00ed, al pie del Psiloritis bajo el brillante sol mediterr\u00e1neo, se halla la villa hist\u00f3rica de Petrok\u00e9falo\u00bb Nikos Kazantzakis (Capit\u00e1n Mijalis) Bienvenido a Agioklima (madreselva), una antigua casa tradicional cretense completamente equipada en un pueblo tradicional en el coraz\u00f3n de Creta. Los apartamentos tradicionales de Agioklima son casas rurales&hellip; <\/p>\n","protected":false},"author":1,"featured_media":0,"parent":0,"menu_order":0,"comment_status":"closed","ping_status":"closed","template":"","meta":{"footnotes":""},"class_list":["post-871","page","type-page","status-publish","hentry"],"_links":{"self":[{"href":"https:\/\/www.agioklima.gr\/es\/wp-json\/wp\/v2\/pages\/871","targetHints":{"allow":["GET"]}}],"collection":[{"href":"https:\/\/www.agioklima.gr\/es\/wp-json\/wp\/v2\/pages"}],"about":[{"href":"https:\/\/www.agioklima.gr\/es\/wp-json\/wp\/v2\/types\/page"}],"author":[{"embeddable":true,"href":"https:\/\/www.agioklima.gr\/es\/wp-json\/wp\/v2\/users\/1"}],"replies":[{"embeddable":true,"href":"https:\/\/www.agioklima.gr\/es\/wp-json\/wp\/v2\/comments?post=871"}],"version-history":[{"count":0,"href":"https:\/\/www.agioklima.gr\/es\/wp-json\/wp\/v2\/pages\/871\/revisions"}],"wp:attachment":[{"href":"https:\/\/www.agioklima.gr\/es\/wp-json\/wp\/v2\/media?parent=871"}],"curies":[{"name":"wp","href":"https:\/\/api.w.org\/{rel}","templated":true}]}}