{"id":864,"date":"2015-11-12T18:05:36","date_gmt":"2015-11-12T16:05:36","guid":{"rendered":"http:\/\/www.agioklima.gr\/de\/?page_id=864"},"modified":"2015-12-04T21:57:16","modified_gmt":"2015-12-04T19:57:16","slug":"rural-tourism-de","status":"publish","type":"page","link":"https:\/\/www.agioklima.gr\/de\/rural-tourism-de\/","title":{"rendered":"L\u00e4ndlicher tourismus"},"content":{"rendered":"<h2>L\u00e4ndlicher Tourismus auf Kreta<\/h2>\n<p style=\"text-align: justify;\">Wenn Sie sich mit den Ger\u00e4uschen der Natur entspannen m\u00f6chten, dann m\u00fcssen Sie die traditionelle Lebensart der Dorfleute n\u00e4her kennenlernen, indem Sie an Feld- und Viehzuchtaktivit\u00e4ten teilnehmen. Entspannung wird es auch geben, wenn Sie die authentische kretische K\u00fcche n\u00e4her kennenlernen, w\u00e4hrend Sie beim Vorbereiten der Gerichte helfen oder wenn Sie auf den kretischen Bergen und durch die T\u00e4ler reiten und dabei die bekannteste Insel Griechenlands erkunden.<\/p>\n<p style=\"text-align: justify;\">In D\u00f6rfern und traditionellen Wohnst\u00e4tten, die naturnahen Tourismus bieten, sind Sie genau am richtigen Ort daf\u00fcr. W\u00e4hrend Ihres Aufenthaltes in einem agrotouristischen Hotel, haben Sie unter anderem die M\u00f6glichkeit ein Pferd zu reiten, Bergrad zu fahren, in den W\u00e4ldern spazieren zu gehen oder eine Schlucht zu durchqueren, sowie Brot zu backen oder einheimische Gerichte zuzubereiten.<\/p>\n<p style=\"text-align: justify;\">Wenn Sie sich jedoch einfach nur ausruhen m\u00f6chten, dann verspricht Ihnen Ihr Aufenthalt im Landesinneren unz\u00e4hlige Stunden voller Entspannung und Gelassenheit.<\/p>\n<p style=\"text-align: justify;\">Grunds\u00e4tzlich gibt es in Griechenland und konkreter auf Kreta nur sehr wenige offizielle FKK \u2013 Str\u00e4nde. Ansonsten ist das Nacktbaden gew\u00f6hnlich nur am Wochenende untersagt, besonders im Juli und August, wenn sich viele Familien mit ihren Kindern am Strand aufhalten.<br \/>\nAber es gibt auch viele kleine oder abgeschiedene Buchten oder Str\u00e4nde auf der ganzen Insel, weit weg von D\u00f6rfern und Einwohnern, die sich zum Nackt- oder Topless \u2013 Sonnenbaden eignen. An der Nord-, Ost- und Westk\u00fcste von Kreta gibt es keine offiziellen FKK-Str\u00e4nde. Gelegenheiten dazu gibt es vielmehr an der S\u00fcdk\u00fcste der Insel.<\/p>\n<p style=\"text-align: justify;\">Sind Sie ein Schriftsteller oder Maler, dann sind Sie auf jeden Fall auf Ihren Platz.<br \/>\nDie Ruhe und Reinheit der Luft, kann ich nur als Autor von diesem St\u00fcck zu best\u00e4tigen. Es ist wirklich ruhig. Sie h\u00f6ren nur Natur.<\/p>\n","protected":false},"excerpt":{"rendered":"<p>L\u00e4ndlicher Tourismus auf Kreta Wenn Sie sich mit den Ger\u00e4uschen der Natur entspannen m\u00f6chten, dann m\u00fcssen Sie die traditionelle Lebensart der Dorfleute n\u00e4her kennenlernen, indem Sie an Feld- und Viehzuchtaktivit\u00e4ten teilnehmen. Entspannung wird es auch geben, wenn Sie die authentische kretische K\u00fcche n\u00e4her kennenlernen, w\u00e4hrend Sie beim Vorbereiten der Gerichte&hellip; <\/p>\n","protected":false},"author":1,"featured_media":0,"parent":0,"menu_order":0,"comment_status":"closed","ping_status":"closed","template":"","meta":{"footnotes":""},"class_list":["post-864","page","type-page","status-publish","hentry"],"_links":{"self":[{"href":"https:\/\/www.agioklima.gr\/de\/wp-json\/wp\/v2\/pages\/864","targetHints":{"allow":["GET"]}}],"collection":[{"href":"https:\/\/www.agioklima.gr\/de\/wp-json\/wp\/v2\/pages"}],"about":[{"href":"https:\/\/www.agioklima.gr\/de\/wp-json\/wp\/v2\/types\/page"}],"author":[{"embeddable":true,"href":"https:\/\/www.agioklima.gr\/de\/wp-json\/wp\/v2\/users\/1"}],"replies":[{"embeddable":true,"href":"https:\/\/www.agioklima.gr\/de\/wp-json\/wp\/v2\/comments?post=864"}],"version-history":[{"count":0,"href":"https:\/\/www.agioklima.gr\/de\/wp-json\/wp\/v2\/pages\/864\/revisions"}],"wp:attachment":[{"href":"https:\/\/www.agioklima.gr\/de\/wp-json\/wp\/v2\/media?parent=864"}],"curies":[{"name":"wp","href":"https:\/\/api.w.org\/{rel}","templated":true}]}}