{"id":858,"date":"2015-11-12T17:54:54","date_gmt":"2015-11-12T15:54:54","guid":{"rendered":"http:\/\/www.agioklima.gr\/de\/?page_id=858"},"modified":"2015-12-05T13:12:28","modified_gmt":"2015-12-05T11:12:28","slug":"house-de","status":"publish","type":"page","link":"https:\/\/www.agioklima.gr\/de\/house-de\/","title":{"rendered":"Haus"},"content":{"rendered":"<h2>Agioklima, Kretischen traditionellen haus<\/h2>\n<p style=\"text-align: justify;\">Ein urspr\u00fcnglicher Steinbau, (Ende des 19. Jahrhunderts) mit H\u00f6fen, G\u00e4rten und Terassen. Die Wohnanlage wurde mit Respekt f\u00fcr die Tradition restauriert, w\u00e4hrend jeder Komfort des modernen Lebens geboten wird.<\/p>\n<p style=\"text-align: justify;\">Die Wohnanlage verf\u00fcgt \u00fcber einen wundersch\u00f6nen Garten, wo sich der urspr\u00fcngliche Ofen befindet, in dem Fleisch, Kartoffeln oder Pizza zubereitet werden k\u00f6nnen. In dem Garten gibt es auch einen Barbecue \u2013 Bereich zum Grillen.<\/p>\n<p style=\"text-align: justify;\">Alle G\u00e4ste k\u00f6nnen den Garten mit der wundersch\u00f6nen Aussicht benutzen.<\/p>\n\n\t\t<style type=\"text\/css\">\n\t\t\t#gallery-1 {\n\t\t\t\tmargin: auto;\n\t\t\t}\n\t\t\t#gallery-1 .gallery-item {\n\t\t\t\tfloat: left;\n\t\t\t\tmargin-top: 10px;\n\t\t\t\ttext-align: center;\n\t\t\t\twidth: 20%;\n\t\t\t}\n\t\t\t#gallery-1 img {\n\t\t\t\tborder: 2px solid #cfcfcf;\n\t\t\t}\n\t\t\t#gallery-1 .gallery-caption {\n\t\t\t\tmargin-left: 0;\n\t\t\t}\n\t\t\t\/* see gallery_shortcode() in wp-includes\/media.php *\/\n\t\t<\/style>\n\t\t<div id='gallery-1' class='gallery galleryid-858 gallery-columns-5 gallery-size-thumbnail'><dl class='gallery-item'>\n\t\t\t<dt class='gallery-icon landscape'>\n\t\t\t\t<a href='https:\/\/www.agioklima.gr\/wp-content\/uploads\/2015\/10\/agioklima_veranda_kite.jpg'><img loading=\"lazy\" decoding=\"async\" width=\"120\" height=\"120\" src=\"https:\/\/www.agioklima.gr\/wp-content\/uploads\/2015\/10\/agioklima_veranda_kite-120x120.jpg\" class=\"attachment-thumbnail size-thumbnail\" alt=\"\" srcset=\"https:\/\/www.agioklima.gr\/wp-content\/uploads\/2015\/10\/agioklima_veranda_kite-120x120.jpg 120w, https:\/\/www.agioklima.gr\/wp-content\/uploads\/2015\/10\/agioklima_veranda_kite-210x210.jpg 210w\" sizes=\"auto, (max-width: 120px) 100vw, 120px\" \/><\/a>\n\t\t\t<\/dt><\/dl><dl class='gallery-item'>\n\t\t\t<dt class='gallery-icon landscape'>\n\t\t\t\t<a href='https:\/\/www.agioklima.gr\/wp-content\/uploads\/2015\/10\/agioklima_sleep_kite.jpg'><img loading=\"lazy\" decoding=\"async\" width=\"120\" height=\"120\" src=\"https:\/\/www.agioklima.gr\/wp-content\/uploads\/2015\/10\/agioklima_sleep_kite-120x120.jpg\" class=\"attachment-thumbnail size-thumbnail\" alt=\"\" srcset=\"https:\/\/www.agioklima.gr\/wp-content\/uploads\/2015\/10\/agioklima_sleep_kite-120x120.jpg 120w, https:\/\/www.agioklima.gr\/wp-content\/uploads\/2015\/10\/agioklima_sleep_kite-210x210.jpg 210w\" sizes=\"auto, (max-width: 120px) 100vw, 120px\" \/><\/a>\n\t\t\t<\/dt><\/dl><dl class='gallery-item'>\n\t\t\t<dt class='gallery-icon landscape'>\n\t\t\t\t<a href='https:\/\/www.agioklima.gr\/wp-content\/uploads\/2015\/10\/agioklima_splitlevel_niki.jpg'><img loading=\"lazy\" decoding=\"async\" width=\"120\" height=\"120\" src=\"https:\/\/www.agioklima.gr\/wp-content\/uploads\/2015\/10\/agioklima_splitlevel_niki-120x120.jpg\" class=\"attachment-thumbnail size-thumbnail\" alt=\"\" srcset=\"https:\/\/www.agioklima.gr\/wp-content\/uploads\/2015\/10\/agioklima_splitlevel_niki-120x120.jpg 120w, https:\/\/www.agioklima.gr\/wp-content\/uploads\/2015\/10\/agioklima_splitlevel_niki-210x210.jpg 210w\" sizes=\"auto, (max-width: 120px) 100vw, 120px\" \/><\/a>\n\t\t\t<\/dt><\/dl><dl class='gallery-item'>\n\t\t\t<dt class='gallery-icon landscape'>\n\t\t\t\t<a href='https:\/\/www.agioklima.gr\/wp-content\/uploads\/2015\/10\/agioklima_traditional_kite.jpg'><img loading=\"lazy\" decoding=\"async\" width=\"120\" height=\"120\" src=\"https:\/\/www.agioklima.gr\/wp-content\/uploads\/2015\/10\/agioklima_traditional_kite-120x120.jpg\" class=\"attachment-thumbnail size-thumbnail\" alt=\"\" srcset=\"https:\/\/www.agioklima.gr\/wp-content\/uploads\/2015\/10\/agioklima_traditional_kite-120x120.jpg 120w, https:\/\/www.agioklima.gr\/wp-content\/uploads\/2015\/10\/agioklima_traditional_kite-210x210.jpg 210w\" sizes=\"auto, (max-width: 120px) 100vw, 120px\" \/><\/a>\n\t\t\t<\/dt><\/dl><dl class='gallery-item'>\n\t\t\t<dt class='gallery-icon landscape'>\n\t\t\t\t<a href='https:\/\/www.agioklima.gr\/wp-content\/uploads\/2015\/10\/toilet_traditional_house.jpg'><img loading=\"lazy\" decoding=\"async\" width=\"120\" height=\"120\" src=\"https:\/\/www.agioklima.gr\/wp-content\/uploads\/2015\/10\/toilet_traditional_house-120x120.jpg\" class=\"attachment-thumbnail size-thumbnail\" alt=\"\" srcset=\"https:\/\/www.agioklima.gr\/wp-content\/uploads\/2015\/10\/toilet_traditional_house-120x120.jpg 120w, https:\/\/www.agioklima.gr\/wp-content\/uploads\/2015\/10\/toilet_traditional_house-210x210.jpg 210w\" sizes=\"auto, (max-width: 120px) 100vw, 120px\" \/><\/a>\n\t\t\t<\/dt><\/dl><br style=\"clear: both\" \/>\n\t\t<\/div>\n\n<p style=\"text-align: justify;\">Diese kretische, traditionelle Wohnung ist unabh\u00e4ngig, 40-70 m2 gro\u00df, voll ausgestattet f\u00fcr 2 &#8211; 4 Personen, mit einer ausreichend eingerichteten K\u00fcche, Kaffeemaschine, Waschmaschine, Fernseher und Dusche. WiFi, Steinkamin und Zentralheizung f\u00fcr die Wintertage.<\/p>\n<p style=\"text-align: justify;\">Wir sind das ganze Jahr \u00fcber ge\u00f6ffnet.<\/p>\n<p style=\"text-align: justify;\">Langzeitmiete m\u00f6glich, Monatsmiete zu niedrigen Preisen. Wenn Sie also im Forschungsinstitut, an der Universit\u00e4t von Kreta, bei ENISA oder im Institut Foundation for Research &amp; Technology &#8211; Hellas (FORTH) arbeiten, kann Ihnen Agioklima f\u00fcr einen Langzeitaufenthalt eine der traditionellen Wohnungen zur Verf\u00fcgung stellen.<\/p>\n","protected":false},"excerpt":{"rendered":"<p>Agioklima, Kretischen traditionellen haus Ein urspr\u00fcnglicher Steinbau, (Ende des 19. Jahrhunderts) mit H\u00f6fen, G\u00e4rten und Terassen. Die Wohnanlage wurde mit Respekt f\u00fcr die Tradition restauriert, w\u00e4hrend jeder Komfort des modernen Lebens geboten wird. Die Wohnanlage verf\u00fcgt \u00fcber einen wundersch\u00f6nen Garten, wo sich der urspr\u00fcngliche Ofen befindet, in dem Fleisch, Kartoffeln&hellip; <\/p>\n","protected":false},"author":1,"featured_media":0,"parent":0,"menu_order":0,"comment_status":"closed","ping_status":"closed","template":"","meta":{"footnotes":""},"class_list":["post-858","page","type-page","status-publish","hentry"],"_links":{"self":[{"href":"https:\/\/www.agioklima.gr\/de\/wp-json\/wp\/v2\/pages\/858","targetHints":{"allow":["GET"]}}],"collection":[{"href":"https:\/\/www.agioklima.gr\/de\/wp-json\/wp\/v2\/pages"}],"about":[{"href":"https:\/\/www.agioklima.gr\/de\/wp-json\/wp\/v2\/types\/page"}],"author":[{"embeddable":true,"href":"https:\/\/www.agioklima.gr\/de\/wp-json\/wp\/v2\/users\/1"}],"replies":[{"embeddable":true,"href":"https:\/\/www.agioklima.gr\/de\/wp-json\/wp\/v2\/comments?post=858"}],"version-history":[{"count":0,"href":"https:\/\/www.agioklima.gr\/de\/wp-json\/wp\/v2\/pages\/858\/revisions"}],"wp:attachment":[{"href":"https:\/\/www.agioklima.gr\/de\/wp-json\/wp\/v2\/media?parent=858"}],"curies":[{"name":"wp","href":"https:\/\/api.w.org\/{rel}","templated":true}]}}