{"id":856,"date":"2015-11-12T17:50:04","date_gmt":"2015-11-12T15:50:04","guid":{"rendered":"http:\/\/www.agioklima.gr\/de\/?page_id=856"},"modified":"2015-11-21T09:45:28","modified_gmt":"2015-11-21T07:45:28","slug":"location-de","status":"publish","type":"page","link":"https:\/\/www.agioklima.gr\/de\/location-de\/","title":{"rendered":"Lage"},"content":{"rendered":"<h2>Lage von Agioklima auf Kreta<\/h2>\n<p style=\"text-align: justify;\">Auf dem Gipfel des H\u00fcgels, in einer H\u00f6he von 340 m mit einer Aussicht von dem traditionellen Dorf zum Norden hin auf das Kretische Meer, zum Westen und Osten auf den Berg Psiloritis und die D\u00f6rfer Pendamodi und Krousonas.<br \/>\nDie Entfernung von Iraklion betr\u00e4gt etwa 16 km, w\u00e4hrend es bis zur Universit\u00e4t von Kreta, ENISA und dem Institut Foundation for Research &amp; Technology &#8211; Hellas (FORTH) 6 km sind.<br \/>\nBei Petrokefalo kreuzen sich die Wege des Malevisi &#8211; Bezirks. Der Weg nach rechts f\u00fchrt zum historischen Dorf Agios Mironas, dem antiken Rafkos, nach 6 \u2013 7 km zu Ober- und Unterassites, dann zum Kloster Gorgolaini, w\u00e4hrend man von dort auf den europ\u00e4ischen Wanderpfad E4 trifft und ihm folgend zur Bergh\u00fctte des Bergsteigervereins bei Prinos kommt.<br \/>\n3 Km nach Assites befindet sich das Dorf Prinias und die Ausgrabungen in dem antiken Ort Rhizenia, w\u00e4hrend dem Betrachter die Messara Ebene bis hin nach Phaistos und Gortyna zu F\u00fc\u00dfen liegt.<br \/>\nUnd all das in dem friedlichen Inneren des Bezirks von Malevisi &#8211; der Toskana von Kreta, wie die Venezianer behaupteten \u2013 mit seinen Weinfeldern, den historischen Kl\u00f6stern und den kleinen Kirchen, den zahlreichen Olivenb\u00e4umen und nat\u00fcrlich seinen sehr gastfreundschaftlichen Leuten.<\/p>\n\n\t\t<style type=\"text\/css\">\n\t\t\t#gallery-1 {\n\t\t\t\tmargin: auto;\n\t\t\t}\n\t\t\t#gallery-1 .gallery-item {\n\t\t\t\tfloat: left;\n\t\t\t\tmargin-top: 10px;\n\t\t\t\ttext-align: center;\n\t\t\t\twidth: 20%;\n\t\t\t}\n\t\t\t#gallery-1 img {\n\t\t\t\tborder: 2px solid #cfcfcf;\n\t\t\t}\n\t\t\t#gallery-1 .gallery-caption {\n\t\t\t\tmargin-left: 0;\n\t\t\t}\n\t\t\t\/* see gallery_shortcode() in wp-includes\/media.php *\/\n\t\t<\/style>\n\t\t<div id='gallery-1' class='gallery galleryid-856 gallery-columns-5 gallery-size-thumbnail'><dl class='gallery-item'>\n\t\t\t<dt class='gallery-icon landscape'>\n\t\t\t\t<a href='https:\/\/www.agioklima.gr\/wp-content\/uploads\/2015\/10\/agioklima-pendamodi.jpg'><img loading=\"lazy\" decoding=\"async\" width=\"120\" height=\"120\" src=\"https:\/\/www.agioklima.gr\/wp-content\/uploads\/2015\/10\/agioklima-pendamodi-120x120.jpg\" class=\"attachment-thumbnail size-thumbnail\" alt=\"\" srcset=\"https:\/\/www.agioklima.gr\/wp-content\/uploads\/2015\/10\/agioklima-pendamodi-120x120.jpg 120w, https:\/\/www.agioklima.gr\/wp-content\/uploads\/2015\/10\/agioklima-pendamodi-210x210.jpg 210w\" sizes=\"auto, (max-width: 120px) 100vw, 120px\" \/><\/a>\n\t\t\t<\/dt><\/dl><dl class='gallery-item'>\n\t\t\t<dt class='gallery-icon landscape'>\n\t\t\t\t<a href='https:\/\/www.agioklima.gr\/wp-content\/uploads\/2015\/10\/sunset-behind-psiloritis.jpg'><img loading=\"lazy\" decoding=\"async\" width=\"120\" height=\"120\" src=\"https:\/\/www.agioklima.gr\/wp-content\/uploads\/2015\/10\/sunset-behind-psiloritis-120x120.jpg\" class=\"attachment-thumbnail size-thumbnail\" alt=\"\" srcset=\"https:\/\/www.agioklima.gr\/wp-content\/uploads\/2015\/10\/sunset-behind-psiloritis-120x120.jpg 120w, https:\/\/www.agioklima.gr\/wp-content\/uploads\/2015\/10\/sunset-behind-psiloritis-210x210.jpg 210w\" sizes=\"auto, (max-width: 120px) 100vw, 120px\" \/><\/a>\n\t\t\t<\/dt><\/dl><dl class='gallery-item'>\n\t\t\t<dt class='gallery-icon landscape'>\n\t\t\t\t<a href='https:\/\/www.agioklima.gr\/wp-content\/uploads\/2015\/10\/agioklima-cretan-sea.jpg'><img loading=\"lazy\" decoding=\"async\" width=\"120\" height=\"120\" src=\"https:\/\/www.agioklima.gr\/wp-content\/uploads\/2015\/10\/agioklima-cretan-sea-120x120.jpg\" class=\"attachment-thumbnail size-thumbnail\" alt=\"\" srcset=\"https:\/\/www.agioklima.gr\/wp-content\/uploads\/2015\/10\/agioklima-cretan-sea-120x120.jpg 120w, https:\/\/www.agioklima.gr\/wp-content\/uploads\/2015\/10\/agioklima-cretan-sea-210x210.jpg 210w\" sizes=\"auto, (max-width: 120px) 100vw, 120px\" \/><\/a>\n\t\t\t<\/dt><\/dl><dl class='gallery-item'>\n\t\t\t<dt class='gallery-icon landscape'>\n\t\t\t\t<a href='https:\/\/www.agioklima.gr\/wp-content\/uploads\/2015\/10\/pendamoni-petrokefalo.jpg'><img loading=\"lazy\" decoding=\"async\" width=\"120\" height=\"120\" src=\"https:\/\/www.agioklima.gr\/wp-content\/uploads\/2015\/10\/pendamoni-petrokefalo-120x120.jpg\" class=\"attachment-thumbnail size-thumbnail\" alt=\"\" srcset=\"https:\/\/www.agioklima.gr\/wp-content\/uploads\/2015\/10\/pendamoni-petrokefalo-120x120.jpg 120w, https:\/\/www.agioklima.gr\/wp-content\/uploads\/2015\/10\/pendamoni-petrokefalo-210x210.jpg 210w\" sizes=\"auto, (max-width: 120px) 100vw, 120px\" \/><\/a>\n\t\t\t<\/dt><\/dl><dl class='gallery-item'>\n\t\t\t<dt class='gallery-icon landscape'>\n\t\t\t\t<a href='https:\/\/www.agioklima.gr\/wp-content\/uploads\/2015\/10\/petrokefaloview-east.jpg'><img loading=\"lazy\" decoding=\"async\" width=\"120\" height=\"120\" src=\"https:\/\/www.agioklima.gr\/wp-content\/uploads\/2015\/10\/petrokefaloview-east-120x120.jpg\" class=\"attachment-thumbnail size-thumbnail\" alt=\"\" srcset=\"https:\/\/www.agioklima.gr\/wp-content\/uploads\/2015\/10\/petrokefaloview-east-120x120.jpg 120w, https:\/\/www.agioklima.gr\/wp-content\/uploads\/2015\/10\/petrokefaloview-east-210x210.jpg 210w\" sizes=\"auto, (max-width: 120px) 100vw, 120px\" \/><\/a>\n\t\t\t<\/dt><\/dl><br style=\"clear: both\" \/>\n\t\t<\/div>\n\n<p style=\"text-align: justify;\">Wenn Sie gern spazierengehen, dann sind Agioklima und Petrokefalo der richtige Ausgangspunkt. Einige Wege f\u00fchren sogar direkt vom Garten in Agioklima hinunter ins Tal.<br \/>\nDabei kommen Sie an wundersch\u00f6nen Stellen vorbei, wo Sie sich an einer Kirche erfrischen oder mit den Einheimischen auf den Feldern plaudern k\u00f6nnen.<br \/>\nWenn Sie gerne lesen oder sogar selbst schreiben, dann ist hier der ideale Ort f\u00fcr Sie.<\/p>\n<h3>Auf Google map<\/h3>\n<div class=\"openMap\"><img loading=\"lazy\" decoding=\"async\" class=\"size-thumbnail wp-image-740 alignnone\" src=\"http:\/\/www.agioklima.gr\/wp-content\/uploads\/2015\/10\/gmap-120x78.png\" alt=\"crete petrokefalo map\" width=\"120\" height=\"78\" \/><\/div>\n<div class=\"openMap\">Lageplan anzeigen<\/div>\n<div class=\"gmap-show\"><\/div>\n","protected":false},"excerpt":{"rendered":"<p>Lage von Agioklima auf Kreta Auf dem Gipfel des H\u00fcgels, in einer H\u00f6he von 340 m mit einer Aussicht von dem traditionellen Dorf zum Norden hin auf das Kretische Meer, zum Westen und Osten auf den Berg Psiloritis und die D\u00f6rfer Pendamodi und Krousonas. Die Entfernung von Iraklion betr\u00e4gt etwa&hellip; <\/p>\n","protected":false},"author":1,"featured_media":0,"parent":0,"menu_order":0,"comment_status":"closed","ping_status":"closed","template":"","meta":{"footnotes":""},"class_list":["post-856","page","type-page","status-publish","hentry"],"_links":{"self":[{"href":"https:\/\/www.agioklima.gr\/de\/wp-json\/wp\/v2\/pages\/856","targetHints":{"allow":["GET"]}}],"collection":[{"href":"https:\/\/www.agioklima.gr\/de\/wp-json\/wp\/v2\/pages"}],"about":[{"href":"https:\/\/www.agioklima.gr\/de\/wp-json\/wp\/v2\/types\/page"}],"author":[{"embeddable":true,"href":"https:\/\/www.agioklima.gr\/de\/wp-json\/wp\/v2\/users\/1"}],"replies":[{"embeddable":true,"href":"https:\/\/www.agioklima.gr\/de\/wp-json\/wp\/v2\/comments?post=856"}],"version-history":[{"count":0,"href":"https:\/\/www.agioklima.gr\/de\/wp-json\/wp\/v2\/pages\/856\/revisions"}],"wp:attachment":[{"href":"https:\/\/www.agioklima.gr\/de\/wp-json\/wp\/v2\/media?parent=856"}],"curies":[{"name":"wp","href":"https:\/\/api.w.org\/{rel}","templated":true}]}}