{"id":853,"date":"2015-11-12T17:45:18","date_gmt":"2015-11-12T15:45:18","guid":{"rendered":"http:\/\/www.agioklima.gr\/de\/?page_id=853"},"modified":"2018-06-27T21:12:24","modified_gmt":"2018-06-27T18:12:24","slug":"agioklima","status":"publish","type":"page","link":"https:\/\/www.agioklima.gr\/de\/","title":{"rendered":"Agioklima"},"content":{"rendered":"<h2>Willkommen<\/h2>\n<p><span style=\"color: #808080;\"><strong><em>&#8222;Dort am Fu\u00dfe des Psiloritis, hell leuchtend unter der Sonne, liegt das historische Dorf Petrokefalo.&#8220;<\/em><\/strong><\/span><\/p>\n<div class=\"textRight\">Nikos Kazantzakis (Kapit\u00e4n Michalis)<\/div>\n\n\t\t<style type=\"text\/css\">\n\t\t\t#gallery-1 {\n\t\t\t\tmargin: auto;\n\t\t\t}\n\t\t\t#gallery-1 .gallery-item {\n\t\t\t\tfloat: left;\n\t\t\t\tmargin-top: 10px;\n\t\t\t\ttext-align: center;\n\t\t\t\twidth: 20%;\n\t\t\t}\n\t\t\t#gallery-1 img {\n\t\t\t\tborder: 2px solid #cfcfcf;\n\t\t\t}\n\t\t\t#gallery-1 .gallery-caption {\n\t\t\t\tmargin-left: 0;\n\t\t\t}\n\t\t\t\/* see gallery_shortcode() in wp-includes\/media.php *\/\n\t\t<\/style>\n\t\t<div id='gallery-1' class='gallery galleryid-853 gallery-columns-5 gallery-size-thumbnail'><dl class='gallery-item'>\n\t\t\t<dt class='gallery-icon landscape'>\n\t\t\t\t<a href='https:\/\/www.agioklima.gr\/wp-content\/uploads\/2015\/10\/agioklima-house-side.jpg'><img loading=\"lazy\" decoding=\"async\" width=\"120\" height=\"120\" src=\"https:\/\/www.agioklima.gr\/wp-content\/uploads\/2015\/10\/agioklima-house-side-150x150.jpg\" class=\"attachment-thumbnail size-thumbnail\" alt=\"\" srcset=\"https:\/\/www.agioklima.gr\/wp-content\/uploads\/2015\/10\/agioklima-house-side-150x150.jpg 150w, https:\/\/www.agioklima.gr\/wp-content\/uploads\/2015\/10\/agioklima-house-side-210x210.jpg 210w\" sizes=\"auto, (max-width: 120px) 100vw, 120px\" \/><\/a>\n\t\t\t<\/dt><\/dl><dl class='gallery-item'>\n\t\t\t<dt class='gallery-icon landscape'>\n\t\t\t\t<a href='https:\/\/www.agioklima.gr\/wp-content\/uploads\/2015\/10\/agioklima-garden.jpg'><img loading=\"lazy\" decoding=\"async\" width=\"120\" height=\"120\" src=\"https:\/\/www.agioklima.gr\/wp-content\/uploads\/2015\/10\/agioklima-garden-150x150.jpg\" class=\"attachment-thumbnail size-thumbnail\" alt=\"\" srcset=\"https:\/\/www.agioklima.gr\/wp-content\/uploads\/2015\/10\/agioklima-garden-150x150.jpg 150w, https:\/\/www.agioklima.gr\/wp-content\/uploads\/2015\/10\/agioklima-garden-210x210.jpg 210w\" sizes=\"auto, (max-width: 120px) 100vw, 120px\" \/><\/a>\n\t\t\t<\/dt><\/dl><dl class='gallery-item'>\n\t\t\t<dt class='gallery-icon landscape'>\n\t\t\t\t<a href='https:\/\/www.agioklima.gr\/wp-content\/uploads\/2015\/10\/front-pergola.jpg'><img loading=\"lazy\" decoding=\"async\" width=\"120\" height=\"120\" src=\"https:\/\/www.agioklima.gr\/wp-content\/uploads\/2015\/10\/front-pergola-150x150.jpg\" class=\"attachment-thumbnail size-thumbnail\" alt=\"\" srcset=\"https:\/\/www.agioklima.gr\/wp-content\/uploads\/2015\/10\/front-pergola-150x150.jpg 150w, https:\/\/www.agioklima.gr\/wp-content\/uploads\/2015\/10\/front-pergola-210x210.jpg 210w\" sizes=\"auto, (max-width: 120px) 100vw, 120px\" \/><\/a>\n\t\t\t<\/dt><\/dl><dl class='gallery-item'>\n\t\t\t<dt class='gallery-icon landscape'>\n\t\t\t\t<a href='https:\/\/www.agioklima.gr\/wp-content\/uploads\/2015\/10\/apartment-crete.jpg'><img loading=\"lazy\" decoding=\"async\" width=\"120\" height=\"120\" src=\"https:\/\/www.agioklima.gr\/wp-content\/uploads\/2015\/10\/apartment-crete-150x150.jpg\" class=\"attachment-thumbnail size-thumbnail\" alt=\"\" srcset=\"https:\/\/www.agioklima.gr\/wp-content\/uploads\/2015\/10\/apartment-crete-150x150.jpg 150w, https:\/\/www.agioklima.gr\/wp-content\/uploads\/2015\/10\/apartment-crete-210x210.jpg 210w\" sizes=\"auto, (max-width: 120px) 100vw, 120px\" \/><\/a>\n\t\t\t<\/dt><\/dl><dl class='gallery-item'>\n\t\t\t<dt class='gallery-icon landscape'>\n\t\t\t\t<a href='https:\/\/www.agioklima.gr\/wp-content\/uploads\/2015\/10\/agioklima-streetview.jpg'><img loading=\"lazy\" decoding=\"async\" width=\"120\" height=\"120\" src=\"https:\/\/www.agioklima.gr\/wp-content\/uploads\/2015\/10\/agioklima-streetview-150x150.jpg\" class=\"attachment-thumbnail size-thumbnail\" alt=\"\" srcset=\"https:\/\/www.agioklima.gr\/wp-content\/uploads\/2015\/10\/agioklima-streetview-150x150.jpg 150w, https:\/\/www.agioklima.gr\/wp-content\/uploads\/2015\/10\/agioklima-streetview-210x210.jpg 210w\" sizes=\"auto, (max-width: 120px) 100vw, 120px\" \/><\/a>\n\t\t\t<\/dt><\/dl><br style=\"clear: both\" \/>\n\t\t<\/div>\n\n<p style=\"text-align: justify;\">Willkommen in Agioklima (Geissblatt), einer alten, traditionellen, kretischen Wohnanlage ausgestattet mit allem Komfort in einem traditionellen Dorf im Herzen von Kreta.<br \/>\nBei den traditionellen, kretischen H\u00e4usern Agioklima handelt es sich um restaurierte Dorfh\u00e4user am Rande des traditionellen Dorfes Petrokefalo, von denen aus man eine hervorragende Aussicht auf das wundersch\u00f6ne Tal in Richtung Pendamodi, Kroussonas und zum Norden hin nach Iraklion und das Kretische Meer hat.<\/p>\n<p style=\"text-align: justify;\"><img loading=\"lazy\" decoding=\"async\" class=\"alignright size-full wp-image-123\" src=\"http:\/\/www.agioklima.gr\/wp-content\/uploads\/2015\/10\/petrokefalo_place.png\" alt=\"petrokefalo_place\" width=\"200\" height=\"115\" \/>Die kretischen, traditionellen H\u00e4user sind unabh\u00e4ngige, 40-70 m2 gro\u00dfe, voll ausgestattete traditionelle Wohnungen f\u00fcr 2 &#8211; 4 Personen, mit Steinkaminen und ausreichend eingerichteten K\u00fcchen. Das Zentrum von Iraklion liegt etwa 16 km von dem traditionellen Dorf Petrokefalo entfernt.\u00a0\u00a0 \u00a0Traditionelle Dorf Petrokefalo<br \/>\nDie Universit\u00e4t von Kreta, sowie das europ\u00e4ische Enisa \u2013 B\u00fcro und das Institut Foundation for Research &amp; Technology &#8211; Hellas (FORTH), befinden sich in einer Entfernung von ca. 6 km.<\/p>\n<p>&nbsp;<\/p>\n\n\t\t<style type=\"text\/css\">\n\t\t\t#gallery-2 {\n\t\t\t\tmargin: auto;\n\t\t\t}\n\t\t\t#gallery-2 .gallery-item {\n\t\t\t\tfloat: left;\n\t\t\t\tmargin-top: 10px;\n\t\t\t\ttext-align: center;\n\t\t\t\twidth: 20%;\n\t\t\t}\n\t\t\t#gallery-2 img {\n\t\t\t\tborder: 2px solid #cfcfcf;\n\t\t\t}\n\t\t\t#gallery-2 .gallery-caption {\n\t\t\t\tmargin-left: 0;\n\t\t\t}\n\t\t\t\/* see gallery_shortcode() in wp-includes\/media.php *\/\n\t\t<\/style>\n\t\t<div id='gallery-2' class='gallery galleryid-853 gallery-columns-5 gallery-size-thumbnail'><dl class='gallery-item'>\n\t\t\t<dt class='gallery-icon portrait'>\n\t\t\t\t<a href='https:\/\/www.agioklima.gr\/wp-content\/uploads\/2018\/06\/agioklima-first-view.jpg'><img loading=\"lazy\" decoding=\"async\" width=\"120\" height=\"120\" src=\"https:\/\/www.agioklima.gr\/wp-content\/uploads\/2018\/06\/agioklima-first-view-120x120.jpg\" class=\"attachment-thumbnail size-thumbnail\" alt=\"Das G\u00e4stehaus ist das Zuhause der 1900er Jahre\" srcset=\"https:\/\/www.agioklima.gr\/wp-content\/uploads\/2018\/06\/agioklima-first-view-120x120.jpg 120w, https:\/\/www.agioklima.gr\/wp-content\/uploads\/2018\/06\/agioklima-first-view-210x210.jpg 210w\" sizes=\"auto, (max-width: 120px) 100vw, 120px\" \/><\/a>\n\t\t\t<\/dt><\/dl><dl class='gallery-item'>\n\t\t\t<dt class='gallery-icon portrait'>\n\t\t\t\t<a href='https:\/\/www.agioklima.gr\/wp-content\/uploads\/2018\/06\/view-coffee-agioklima.jpg'><img loading=\"lazy\" decoding=\"async\" width=\"120\" height=\"120\" src=\"https:\/\/www.agioklima.gr\/wp-content\/uploads\/2018\/06\/view-coffee-agioklima-120x120.jpg\" class=\"attachment-thumbnail size-thumbnail\" alt=\"Der Blick auf das Kretische Meer\" srcset=\"https:\/\/www.agioklima.gr\/wp-content\/uploads\/2018\/06\/view-coffee-agioklima-120x120.jpg 120w, https:\/\/www.agioklima.gr\/wp-content\/uploads\/2018\/06\/view-coffee-agioklima-210x210.jpg 210w\" sizes=\"auto, (max-width: 120px) 100vw, 120px\" \/><\/a>\n\t\t\t<\/dt><\/dl><dl class='gallery-item'>\n\t\t\t<dt class='gallery-icon portrait'>\n\t\t\t\t<a href='https:\/\/www.agioklima.gr\/wp-content\/uploads\/2018\/06\/yard-cute-cats.jpg'><img loading=\"lazy\" decoding=\"async\" width=\"120\" height=\"120\" src=\"https:\/\/www.agioklima.gr\/wp-content\/uploads\/2018\/06\/yard-cute-cats-120x120.jpg\" class=\"attachment-thumbnail size-thumbnail\" alt=\"Der Blick auf den Berg Ida\" srcset=\"https:\/\/www.agioklima.gr\/wp-content\/uploads\/2018\/06\/yard-cute-cats-120x120.jpg 120w, https:\/\/www.agioklima.gr\/wp-content\/uploads\/2018\/06\/yard-cute-cats-210x210.jpg 210w\" sizes=\"auto, (max-width: 120px) 100vw, 120px\" \/><\/a>\n\t\t\t<\/dt><\/dl><dl class='gallery-item'>\n\t\t\t<dt class='gallery-icon portrait'>\n\t\t\t\t<a href='https:\/\/www.agioklima.gr\/wp-content\/uploads\/2018\/06\/yard-plants-view.jpg'><img loading=\"lazy\" decoding=\"async\" width=\"120\" height=\"120\" src=\"https:\/\/www.agioklima.gr\/wp-content\/uploads\/2018\/06\/yard-plants-view-120x120.jpg\" class=\"attachment-thumbnail size-thumbnail\" alt=\"Der Blick auf den Berg Ida 2\" srcset=\"https:\/\/www.agioklima.gr\/wp-content\/uploads\/2018\/06\/yard-plants-view-120x120.jpg 120w, https:\/\/www.agioklima.gr\/wp-content\/uploads\/2018\/06\/yard-plants-view-210x210.jpg 210w\" sizes=\"auto, (max-width: 120px) 100vw, 120px\" \/><\/a>\n\t\t\t<\/dt><\/dl><dl class='gallery-item'>\n\t\t\t<dt class='gallery-icon portrait'>\n\t\t\t\t<a href='https:\/\/www.agioklima.gr\/wp-content\/uploads\/2018\/06\/yard-decoration.jpg'><img loading=\"lazy\" decoding=\"async\" width=\"120\" height=\"120\" src=\"https:\/\/www.agioklima.gr\/wp-content\/uploads\/2018\/06\/yard-decoration-120x120.jpg\" class=\"attachment-thumbnail size-thumbnail\" alt=\"Agioklima Garten Dekoration\" srcset=\"https:\/\/www.agioklima.gr\/wp-content\/uploads\/2018\/06\/yard-decoration-120x120.jpg 120w, https:\/\/www.agioklima.gr\/wp-content\/uploads\/2018\/06\/yard-decoration-210x210.jpg 210w\" sizes=\"auto, (max-width: 120px) 100vw, 120px\" \/><\/a>\n\t\t\t<\/dt><\/dl><br style=\"clear: both\" \/><dl class='gallery-item'>\n\t\t\t<dt class='gallery-icon portrait'>\n\t\t\t\t<a href='https:\/\/www.agioklima.gr\/wp-content\/uploads\/2018\/06\/agioklima-interior-stair.jpg'><img loading=\"lazy\" decoding=\"async\" width=\"120\" height=\"120\" src=\"https:\/\/www.agioklima.gr\/wp-content\/uploads\/2018\/06\/agioklima-interior-stair-120x120.jpg\" class=\"attachment-thumbnail size-thumbnail\" alt=\"Authentisch: Holz und Stein\" srcset=\"https:\/\/www.agioklima.gr\/wp-content\/uploads\/2018\/06\/agioklima-interior-stair-120x120.jpg 120w, https:\/\/www.agioklima.gr\/wp-content\/uploads\/2018\/06\/agioklima-interior-stair-210x210.jpg 210w\" sizes=\"auto, (max-width: 120px) 100vw, 120px\" \/><\/a>\n\t\t\t<\/dt><\/dl><dl class='gallery-item'>\n\t\t\t<dt class='gallery-icon portrait'>\n\t\t\t\t<a href='https:\/\/www.agioklima.gr\/wp-content\/uploads\/2018\/06\/agioklima-mirror-reflections.jpg'><img loading=\"lazy\" decoding=\"async\" width=\"120\" height=\"120\" src=\"https:\/\/www.agioklima.gr\/wp-content\/uploads\/2018\/06\/agioklima-mirror-reflections-120x120.jpg\" class=\"attachment-thumbnail size-thumbnail\" alt=\"Durch den Spiegel\" srcset=\"https:\/\/www.agioklima.gr\/wp-content\/uploads\/2018\/06\/agioklima-mirror-reflections-120x120.jpg 120w, https:\/\/www.agioklima.gr\/wp-content\/uploads\/2018\/06\/agioklima-mirror-reflections-210x210.jpg 210w\" sizes=\"auto, (max-width: 120px) 100vw, 120px\" \/><\/a>\n\t\t\t<\/dt><\/dl>\n\t\t\t<br style='clear: both' \/>\n\t\t<\/div>\n\n<p>&nbsp;<\/p>\n<h4>Bitte finden Sie uns auch:<\/h4>\n<h5><a href=\"https:\/\/www.tripadvisor.de\/Hotel_Review-g189417-d2550960-Reviews-AgioKlima_Tradional_Houses-Heraklion_Crete.html\" target=\"_blank\" rel=\"noopener\">TripAdvisor Seiten<\/a><br \/>\noder bei <a href=\"https:\/\/www.booking.com\/hotel\/gr\/agioklima-traditional-cretan-house.de.html?label=gen173rf-1FCAsoXEIiYWdpb2tsaW1hLXRyYWRpdGlvbmFsLWNyZXRhbi1ob3VzZUgIWANoXIgBAZgBCMIBCndpbmRvd3MgMTDIAQ_YAQHoAQH4AQKSAgF5ogIMYWdpb2tsaW1hLmdyqAID&amp;sid=14af3eb83c9df1f1008bae57d7bd5aee&amp;dist=0&amp;lang=de&amp;sb_price_type=total&amp;soz=1&amp;type=total&amp;lang_click=other;cdl=el;lang_changed=1\" target=\"_blank\" rel=\"noopener\">Booking.com<\/a><\/h5>\n","protected":false},"excerpt":{"rendered":"<p>Willkommen &#8222;Dort am Fu\u00dfe des Psiloritis, hell leuchtend unter der Sonne, liegt das historische Dorf Petrokefalo.&#8220; Nikos Kazantzakis (Kapit\u00e4n Michalis) Willkommen in Agioklima (Geissblatt), einer alten, traditionellen, kretischen Wohnanlage ausgestattet mit allem Komfort in einem traditionellen Dorf im Herzen von Kreta. Bei den traditionellen, kretischen H\u00e4usern Agioklima handelt es sich&hellip; <\/p>\n","protected":false},"author":1,"featured_media":0,"parent":0,"menu_order":0,"comment_status":"closed","ping_status":"closed","template":"","meta":{"footnotes":""},"class_list":["post-853","page","type-page","status-publish","hentry"],"_links":{"self":[{"href":"https:\/\/www.agioklima.gr\/de\/wp-json\/wp\/v2\/pages\/853","targetHints":{"allow":["GET"]}}],"collection":[{"href":"https:\/\/www.agioklima.gr\/de\/wp-json\/wp\/v2\/pages"}],"about":[{"href":"https:\/\/www.agioklima.gr\/de\/wp-json\/wp\/v2\/types\/page"}],"author":[{"embeddable":true,"href":"https:\/\/www.agioklima.gr\/de\/wp-json\/wp\/v2\/users\/1"}],"replies":[{"embeddable":true,"href":"https:\/\/www.agioklima.gr\/de\/wp-json\/wp\/v2\/comments?post=853"}],"version-history":[{"count":0,"href":"https:\/\/www.agioklima.gr\/de\/wp-json\/wp\/v2\/pages\/853\/revisions"}],"wp:attachment":[{"href":"https:\/\/www.agioklima.gr\/de\/wp-json\/wp\/v2\/media?parent=853"}],"curies":[{"name":"wp","href":"https:\/\/api.w.org\/{rel}","templated":true}]}}